{"id":9249,"date":"2022-11-04T20:39:18","date_gmt":"2022-11-04T20:39:18","guid":{"rendered":"https:\/\/flocagemania.com\/index.php\/product\/tee-shirt-femme-fantaisie\/"},"modified":"2022-11-08T17:03:44","modified_gmt":"2022-11-08T17:03:44","slug":"tee-shirt-femme-fantaisie","status":"publish","type":"product","link":"https:\/\/flocagemania.com\/index.php\/product\/tee-shirt-femme-fantaisie\/","title":{"rendered":"Tee-shirt femme fantaisie Sport"},"content":{"rendered":"<p>Piqu\u00e9 interlock, 100 % polyester<br \/>\ntissu \u00e0 s\u00e9chage rapide<br \/>\ncoupe l\u00e9g\u00e8rement ajust\u00e9e avec coutures lat\u00e9rales<br \/>\ncol \u00e9troit dans la m\u00eame mati\u00e8re<br \/>\nbande de propret\u00e9 col dans la m\u00eame mati\u00e8re<br \/>\ncoutures d&rsquo;\u00e9paules renforc\u00e9es<br \/>\nid\u00e9al pour le sport et les activit\u00e9s de plein air<br \/>\nadapt\u00e9e \u00e0 la sublimation (couleurs claires)<\/p>\n","protected":false},"excerpt":{"rendered":"<p>S &#8211; 2XL<\/p>\n","protected":false},"featured_media":9248,"template":"","meta":{"_monsterinsights_skip_tracking":false,"_monsterinsights_sitenote_active":false,"_monsterinsights_sitenote_note":"","_monsterinsights_sitenote_category":0,"spay_email":""},"product_cat":[133,185,184,177],"product_tag":[189],"_links":{"self":[{"href":"https:\/\/flocagemania.com\/index.php\/wp-json\/wp\/v2\/product\/9249"}],"collection":[{"href":"https:\/\/flocagemania.com\/index.php\/wp-json\/wp\/v2\/product"}],"about":[{"href":"https:\/\/flocagemania.com\/index.php\/wp-json\/wp\/v2\/types\/product"}],"wp:featuredmedia":[{"embeddable":true,"href":"https:\/\/flocagemania.com\/index.php\/wp-json\/wp\/v2\/media\/9248"}],"wp:attachment":[{"href":"https:\/\/flocagemania.com\/index.php\/wp-json\/wp\/v2\/media?parent=9249"}],"wp:term":[{"taxonomy":"product_cat","embeddable":true,"href":"https:\/\/flocagemania.com\/index.php\/wp-json\/wp\/v2\/product_cat?post=9249"},{"taxonomy":"product_tag","embeddable":true,"href":"https:\/\/flocagemania.com\/index.php\/wp-json\/wp\/v2\/product_tag?post=9249"}],"curies":[{"name":"wp","href":"https:\/\/api.w.org\/{rel}","templated":true}]}}