{"id":9239,"date":"2022-11-04T20:37:46","date_gmt":"2022-11-04T20:37:46","guid":{"rendered":"https:\/\/flocagemania.com\/index.php\/product\/casquette-sanswich-unisex\/"},"modified":"2022-11-04T20:42:28","modified_gmt":"2022-11-04T20:42:28","slug":"casquette-sanswich-unisex","status":"publish","type":"product","link":"https:\/\/flocagemania.com\/index.php\/product\/casquette-sanswich-unisex\/","title":{"rendered":"Casquette Sanswich unisex"},"content":{"rendered":"<p>r\u00e9glable<br \/>\nSerg\u00e9 bross\u00e9, 100 % coton<br \/>\ncoupe \u00e0 six panneaux<br \/>\n2 panneaux frontaux coll\u00e9s<br \/>\nvisi\u00e8re l\u00e9g\u00e8rement incurv\u00e9e avec bande de couleur contrast\u00e9e<br \/>\ntrous d&rsquo;a\u00e9ration brod\u00e9s<br \/>\nbandeau<br \/>\ntaille r\u00e9glable avec clip en laiton<\/p>\n","protected":false},"excerpt":{"rendered":"<p>Uni<\/p>\n","protected":false},"featured_media":9238,"template":"","meta":{"_monsterinsights_skip_tracking":false,"_monsterinsights_sitenote_active":false,"_monsterinsights_sitenote_note":"","_monsterinsights_sitenote_category":0,"spay_email":""},"product_cat":[183,138],"product_tag":[186],"_links":{"self":[{"href":"https:\/\/flocagemania.com\/index.php\/wp-json\/wp\/v2\/product\/9239"}],"collection":[{"href":"https:\/\/flocagemania.com\/index.php\/wp-json\/wp\/v2\/product"}],"about":[{"href":"https:\/\/flocagemania.com\/index.php\/wp-json\/wp\/v2\/types\/product"}],"wp:featuredmedia":[{"embeddable":true,"href":"https:\/\/flocagemania.com\/index.php\/wp-json\/wp\/v2\/media\/9238"}],"wp:attachment":[{"href":"https:\/\/flocagemania.com\/index.php\/wp-json\/wp\/v2\/media?parent=9239"}],"wp:term":[{"taxonomy":"product_cat","embeddable":true,"href":"https:\/\/flocagemania.com\/index.php\/wp-json\/wp\/v2\/product_cat?post=9239"},{"taxonomy":"product_tag","embeddable":true,"href":"https:\/\/flocagemania.com\/index.php\/wp-json\/wp\/v2\/product_tag?post=9239"}],"curies":[{"name":"wp","href":"https:\/\/api.w.org\/{rel}","templated":true}]}}