{"id":9237,"date":"2022-11-04T20:37:30","date_gmt":"2022-11-04T20:37:30","guid":{"rendered":"https:\/\/flocagemania.com\/index.php\/product\/casquette-unisex\/"},"modified":"2022-11-04T20:42:37","modified_gmt":"2022-11-04T20:42:37","slug":"casquette-unisex","status":"publish","type":"product","link":"https:\/\/flocagemania.com\/index.php\/product\/casquette-unisex\/","title":{"rendered":"Casquette unisex"},"content":{"rendered":"<p>r\u00e9glable<br \/>\nSerg\u00e9 bross\u00e9, 100 % coton<br \/>\ncoupe \u00e0 six panneaux<br \/>\n2 panneaux frontaux coll\u00e9s<br \/>\nvisi\u00e8re l\u00e9g\u00e8rement incurv\u00e9e<br \/>\ntrous d&rsquo;a\u00e9ration brod\u00e9s<br \/>\nbandeau<br \/>\ntaille r\u00e9glable avec clip en laiton<\/p>\n","protected":false},"excerpt":{"rendered":"<p>Uni<\/p>\n","protected":false},"featured_media":9236,"template":"","meta":{"_monsterinsights_skip_tracking":false,"_monsterinsights_sitenote_active":false,"_monsterinsights_sitenote_note":"","_monsterinsights_sitenote_category":0,"spay_email":""},"product_cat":[183],"product_tag":[186],"_links":{"self":[{"href":"https:\/\/flocagemania.com\/index.php\/wp-json\/wp\/v2\/product\/9237"}],"collection":[{"href":"https:\/\/flocagemania.com\/index.php\/wp-json\/wp\/v2\/product"}],"about":[{"href":"https:\/\/flocagemania.com\/index.php\/wp-json\/wp\/v2\/types\/product"}],"wp:featuredmedia":[{"embeddable":true,"href":"https:\/\/flocagemania.com\/index.php\/wp-json\/wp\/v2\/media\/9236"}],"wp:attachment":[{"href":"https:\/\/flocagemania.com\/index.php\/wp-json\/wp\/v2\/media?parent=9237"}],"wp:term":[{"taxonomy":"product_cat","embeddable":true,"href":"https:\/\/flocagemania.com\/index.php\/wp-json\/wp\/v2\/product_cat?post=9237"},{"taxonomy":"product_tag","embeddable":true,"href":"https:\/\/flocagemania.com\/index.php\/wp-json\/wp\/v2\/product_tag?post=9237"}],"curies":[{"name":"wp","href":"https:\/\/api.w.org\/{rel}","templated":true}]}}