{"id":9224,"date":"2022-11-04T20:23:05","date_gmt":"2022-11-04T20:23:05","guid":{"rendered":"https:\/\/flocagemania.com\/index.php\/product\/pantalon-de-travail-vertex-homme\/"},"modified":"2022-11-04T20:23:05","modified_gmt":"2022-11-04T20:23:05","slug":"pantalon-de-travail-vertex-homme","status":"publish","type":"product","link":"https:\/\/flocagemania.com\/index.php\/product\/pantalon-de-travail-vertex-homme\/","title":{"rendered":"Pantalon de travail vertex homme"},"content":{"rendered":"<p>Oxford, 66 % polyamid, 34 % coton, finition anti-salissure<br \/>\nCORDURA\u00ae 100 % polyamide<br \/>\nfinition anti-salissure<br \/>\ntaille \u00e9lastique incurv\u00e9e<br \/>\ngousset d&rsquo;entrejambe avec 6 % d&rsquo;\u00e9lasthanne<br \/>\n10 poches multifonctionnelles<br \/>\npoches pour genouill\u00e8res<br \/>\nventilation arri\u00e8re du genou<br \/>\nD-ring m\u00e9talique<br \/>\nboucle marteau<br \/>\nmat\u00e9riau tr\u00e8s r\u00e9sistant CORDURA\u00ae en couleur 01<br \/>\n\u00e9l\u00e9ments de contraste<br \/>\nle pantalon peut \u00eatre allong\u00e9<br \/>\ncertification selon la norme EN ISO 13688, EN 14404 + A1 (type 2, niveau 1) en combinaison avec les genouill\u00e8res A99<\/p>\n","protected":false},"excerpt":{"rendered":"<p>44 &#8211; 62<\/p>\n","protected":false},"featured_media":9223,"template":"","meta":{"_monsterinsights_skip_tracking":false,"_monsterinsights_sitenote_active":false,"_monsterinsights_sitenote_note":"","_monsterinsights_sitenote_category":0,"spay_email":""},"product_cat":[182],"product_tag":[171],"_links":{"self":[{"href":"https:\/\/flocagemania.com\/index.php\/wp-json\/wp\/v2\/product\/9224"}],"collection":[{"href":"https:\/\/flocagemania.com\/index.php\/wp-json\/wp\/v2\/product"}],"about":[{"href":"https:\/\/flocagemania.com\/index.php\/wp-json\/wp\/v2\/types\/product"}],"wp:featuredmedia":[{"embeddable":true,"href":"https:\/\/flocagemania.com\/index.php\/wp-json\/wp\/v2\/media\/9223"}],"wp:attachment":[{"href":"https:\/\/flocagemania.com\/index.php\/wp-json\/wp\/v2\/media?parent=9224"}],"wp:term":[{"taxonomy":"product_cat","embeddable":true,"href":"https:\/\/flocagemania.com\/index.php\/wp-json\/wp\/v2\/product_cat?post=9224"},{"taxonomy":"product_tag","embeddable":true,"href":"https:\/\/flocagemania.com\/index.php\/wp-json\/wp\/v2\/product_tag?post=9224"}],"curies":[{"name":"wp","href":"https:\/\/api.w.org\/{rel}","templated":true}]}}