{"id":9222,"date":"2022-11-04T20:22:48","date_gmt":"2022-11-04T20:22:48","guid":{"rendered":"https:\/\/flocagemania.com\/index.php\/product\/veste-vertex-dhiver-homme\/"},"modified":"2022-11-04T20:22:48","modified_gmt":"2022-11-04T20:22:48","slug":"veste-vertex-dhiver-homme","status":"publish","type":"product","link":"https:\/\/flocagemania.com\/index.php\/product\/veste-vertex-dhiver-homme\/","title":{"rendered":"Veste vertex d&rsquo;hiver homme"},"content":{"rendered":"<p>Softshell: 94 % polyester, 6 % \u00e9lasthanne<br \/>\nmembrane TPU<br \/>\nMicro polaire: 100 % polyester, finition anti-boulochage;<br \/>\ncouche interm\u00e9diaire, doublure: 100 % polyester<br \/>\nimperm\u00e9abilit\u00e9 10 000 mm, perm\u00e9abilit\u00e9 \u00e0 l&rsquo;air 4 000 g\/m\u00b2\/24 heures<br \/>\nsoftshell chaud 3 couches avec une membrane<br \/>\nzone thermo-r\u00e9fl\u00e9chissante<br \/>\nfermeture \u00e0 glissi\u00e8re totale avec une protection du menton et un rabat<br \/>\ncapuche amovible et r\u00e9glable avec doublure<br \/>\ncapuche et liser\u00e9 inf\u00e9rieur avec cordon de serrage \u00e9lastique<br \/>\nourlets ajustables avec velcro<br \/>\npoches avec fermeture \u00e0 glissi\u00e8re invers\u00e9e \u00e9tanche<br \/>\npoches plaqu\u00e9es \u00e0 fermeture \u00e9clair<br \/>\npoche int\u00e9rieur de poitrine \u00e0 fermeture \u00e9clair<br \/>\nacc\u00e8s au marquage dans la doublure lat\u00e9rale<br \/>\nbord arri\u00e8re l\u00e9g\u00e8rement prolong\u00e9<br \/>\n\u00e9l\u00e9ments de contraste<br \/>\nmolleton int\u00e9rieur avec traitement antiboulochage<\/p>\n","protected":false},"excerpt":{"rendered":"<p>S &#8211; 3XL<\/p>\n","protected":false},"featured_media":9221,"template":"","meta":{"_monsterinsights_skip_tracking":false,"_monsterinsights_sitenote_active":false,"_monsterinsights_sitenote_note":"","_monsterinsights_sitenote_category":0,"spay_email":""},"product_cat":[137],"product_tag":[171],"_links":{"self":[{"href":"https:\/\/flocagemania.com\/index.php\/wp-json\/wp\/v2\/product\/9222"}],"collection":[{"href":"https:\/\/flocagemania.com\/index.php\/wp-json\/wp\/v2\/product"}],"about":[{"href":"https:\/\/flocagemania.com\/index.php\/wp-json\/wp\/v2\/types\/product"}],"wp:featuredmedia":[{"embeddable":true,"href":"https:\/\/flocagemania.com\/index.php\/wp-json\/wp\/v2\/media\/9221"}],"wp:attachment":[{"href":"https:\/\/flocagemania.com\/index.php\/wp-json\/wp\/v2\/media?parent=9222"}],"wp:term":[{"taxonomy":"product_cat","embeddable":true,"href":"https:\/\/flocagemania.com\/index.php\/wp-json\/wp\/v2\/product_cat?post=9222"},{"taxonomy":"product_tag","embeddable":true,"href":"https:\/\/flocagemania.com\/index.php\/wp-json\/wp\/v2\/product_tag?post=9222"}],"curies":[{"name":"wp","href":"https:\/\/api.w.org\/{rel}","templated":true}]}}