{"id":9216,"date":"2022-11-04T20:21:54","date_gmt":"2022-11-04T20:21:54","guid":{"rendered":"https:\/\/flocagemania.com\/index.php\/product\/sweatshirt-homme-2\/"},"modified":"2022-11-04T20:21:54","modified_gmt":"2022-11-04T20:21:54","slug":"sweatshirt-homme-2","status":"publish","type":"product","link":"https:\/\/flocagemania.com\/index.php\/product\/sweatshirt-homme-2\/","title":{"rendered":"Sweatshirt homme"},"content":{"rendered":"<p>Molleton, int\u00e9rieur gratt\u00e9<br \/>\n65 % coton, 35 % polyester<br \/>\ncoupe droite avec coutures lat\u00e9rales<br \/>\nliser\u00e9 inf\u00e9rieur, manchettes et encolure en \u00e9toffe c\u00f4tel\u00e9e 1:1 avec 5 % d&rsquo;\u00e9lasthanne<br \/>\npartie interne gratt\u00e9e<br \/>\n\u00c9tiquette: tiss\u00e9e<br \/>\n\u00c9valuation: broderie, s\u00e9rigraphie directe, impression par transfert<br \/>\nAchat minimum: 1 pces<br \/>\nPce dans l\u2019emballage: 1 pces<\/p>\n","protected":false},"excerpt":{"rendered":"<p>S &#8211; 3XL<\/p>\n","protected":false},"featured_media":9215,"template":"","meta":{"_monsterinsights_skip_tracking":false,"_monsterinsights_sitenote_active":false,"_monsterinsights_sitenote_note":"","_monsterinsights_sitenote_category":0,"spay_email":""},"product_cat":[136],"product_tag":[171],"_links":{"self":[{"href":"https:\/\/flocagemania.com\/index.php\/wp-json\/wp\/v2\/product\/9216"}],"collection":[{"href":"https:\/\/flocagemania.com\/index.php\/wp-json\/wp\/v2\/product"}],"about":[{"href":"https:\/\/flocagemania.com\/index.php\/wp-json\/wp\/v2\/types\/product"}],"wp:featuredmedia":[{"embeddable":true,"href":"https:\/\/flocagemania.com\/index.php\/wp-json\/wp\/v2\/media\/9215"}],"wp:attachment":[{"href":"https:\/\/flocagemania.com\/index.php\/wp-json\/wp\/v2\/media?parent=9216"}],"wp:term":[{"taxonomy":"product_cat","embeddable":true,"href":"https:\/\/flocagemania.com\/index.php\/wp-json\/wp\/v2\/product_cat?post=9216"},{"taxonomy":"product_tag","embeddable":true,"href":"https:\/\/flocagemania.com\/index.php\/wp-json\/wp\/v2\/product_tag?post=9216"}],"curies":[{"name":"wp","href":"https:\/\/api.w.org\/{rel}","templated":true}]}}