{"id":9214,"date":"2022-11-04T20:21:34","date_gmt":"2022-11-04T20:21:34","guid":{"rendered":"https:\/\/flocagemania.com\/index.php\/product\/jacket-hi-q\/"},"modified":"2022-11-04T20:21:34","modified_gmt":"2022-11-04T20:21:34","slug":"jacket-hi-q","status":"publish","type":"product","link":"https:\/\/flocagemania.com\/index.php\/product\/jacket-hi-q\/","title":{"rendered":"JACKET HI-Q"},"content":{"rendered":"<p>Polaire, 100 % polyester, finition anti-boulochage<br \/>\nMati\u00e8re compl\u00e9mentaire: Rip Stop, 100 % polyamid, rev\u00eatement int\u00e9rieur PU<br \/>\ntissu hautement isolant<br \/>\n\u00e9paules recouvertes d&rsquo;un tissu imperm\u00e9able r\u00e9sistant \u00e0 l&rsquo;abrasion<br \/>\nbande de propret\u00e9 \u00e0 l&rsquo;encolure dans la m\u00eame mati\u00e8re<br \/>\nfermeture \u00e9clair plastique pleine longueur<br \/>\npoches avec fermeture \u00e0 glissi\u00e8re moul\u00e9e<br \/>\nourlet inf\u00e9rieur avec bande \u00e9lastique<br \/>\nourlets ajustables avec velcro<br \/>\nfinition anti-boulochage sur le c\u00f4t\u00e9 ext\u00e9rieur<\/p>\n","protected":false},"excerpt":{"rendered":"<p>S &#8211; 3XL<\/p>\n","protected":false},"featured_media":9213,"template":"","meta":{"_monsterinsights_skip_tracking":false,"_monsterinsights_sitenote_active":false,"_monsterinsights_sitenote_note":"","_monsterinsights_sitenote_category":0,"spay_email":""},"product_cat":[137],"product_tag":[180],"_links":{"self":[{"href":"https:\/\/flocagemania.com\/index.php\/wp-json\/wp\/v2\/product\/9214"}],"collection":[{"href":"https:\/\/flocagemania.com\/index.php\/wp-json\/wp\/v2\/product"}],"about":[{"href":"https:\/\/flocagemania.com\/index.php\/wp-json\/wp\/v2\/types\/product"}],"wp:featuredmedia":[{"embeddable":true,"href":"https:\/\/flocagemania.com\/index.php\/wp-json\/wp\/v2\/media\/9213"}],"wp:attachment":[{"href":"https:\/\/flocagemania.com\/index.php\/wp-json\/wp\/v2\/media?parent=9214"}],"wp:term":[{"taxonomy":"product_cat","embeddable":true,"href":"https:\/\/flocagemania.com\/index.php\/wp-json\/wp\/v2\/product_cat?post=9214"},{"taxonomy":"product_tag","embeddable":true,"href":"https:\/\/flocagemania.com\/index.php\/wp-json\/wp\/v2\/product_tag?post=9214"}],"curies":[{"name":"wp","href":"https:\/\/api.w.org\/{rel}","templated":true}]}}