{"id":9212,"date":"2022-11-04T20:21:18","date_gmt":"2022-11-04T20:21:18","guid":{"rendered":"https:\/\/flocagemania.com\/index.php\/product\/blouson-softshell-homme\/"},"modified":"2022-11-04T20:21:18","modified_gmt":"2022-11-04T20:21:18","slug":"blouson-softshell-homme","status":"publish","type":"product","link":"https:\/\/flocagemania.com\/index.php\/product\/blouson-softshell-homme\/","title":{"rendered":"Blouson softshell homme"},"content":{"rendered":"<p>Softshell tricot\u00e9: 100 % polyester; micro polaire: 100 % polyester<br \/>\nSoftshell: 96 % polyester, 4 % \u00e9lasthanne; micro<br \/>\npolaire, 100 % polyester, Doublure: 100 % polyester<br \/>\nsoftshell \u00e0 2 couches<br \/>\nm\u00e9lange de tissus unis et tricot\u00e9s<br \/>\nfermeture \u00e9clair spirale r\u00e9versible pleine longueur<br \/>\nourlets ajustables avec velcro<br \/>\npoches \u00e0 fermeture \u00e9clair spirale r\u00e9versible<br \/>\npoche sur la manche<br \/>\n2 poches int\u00e9rieures<br \/>\n\u00e9l\u00e9ments de contraste<br \/>\nmolleton int\u00e9rieur avec traitement antiboulochage<\/p>\n","protected":false},"excerpt":{"rendered":"<p>S &#8211; 3XL<\/p>\n","protected":false},"featured_media":9211,"template":"","meta":{"_monsterinsights_skip_tracking":false,"_monsterinsights_sitenote_active":false,"_monsterinsights_sitenote_note":"","_monsterinsights_sitenote_category":0,"spay_email":""},"product_cat":[181],"product_tag":[180],"_links":{"self":[{"href":"https:\/\/flocagemania.com\/index.php\/wp-json\/wp\/v2\/product\/9212"}],"collection":[{"href":"https:\/\/flocagemania.com\/index.php\/wp-json\/wp\/v2\/product"}],"about":[{"href":"https:\/\/flocagemania.com\/index.php\/wp-json\/wp\/v2\/types\/product"}],"wp:featuredmedia":[{"embeddable":true,"href":"https:\/\/flocagemania.com\/index.php\/wp-json\/wp\/v2\/media\/9211"}],"wp:attachment":[{"href":"https:\/\/flocagemania.com\/index.php\/wp-json\/wp\/v2\/media?parent=9212"}],"wp:term":[{"taxonomy":"product_cat","embeddable":true,"href":"https:\/\/flocagemania.com\/index.php\/wp-json\/wp\/v2\/product_cat?post=9212"},{"taxonomy":"product_tag","embeddable":true,"href":"https:\/\/flocagemania.com\/index.php\/wp-json\/wp\/v2\/product_tag?post=9212"}],"curies":[{"name":"wp","href":"https:\/\/api.w.org\/{rel}","templated":true}]}}