{"id":9210,"date":"2022-11-04T20:20:55","date_gmt":"2022-11-04T20:20:55","guid":{"rendered":"https:\/\/flocagemania.com\/index.php\/product\/gilet-polaire-unisex\/"},"modified":"2022-11-04T20:20:55","modified_gmt":"2022-11-04T20:20:55","slug":"gilet-polaire-unisex","status":"publish","type":"product","link":"https:\/\/flocagemania.com\/index.php\/product\/gilet-polaire-unisex\/","title":{"rendered":"Gilet polaire unisex"},"content":{"rendered":"<p>Polaire, 100 % polyester, finition anti-boulochage<br \/>\ntissu isolant<br \/>\nbande de propret\u00e9 \u00e0 l&rsquo;encolure dans la m\u00eame mati\u00e8re<br \/>\nfermeture \u00e9clair spirale pleine longueur<br \/>\npoches passepoil\u00e9es avec fermeture \u00e0 glissi\u00e8re<br \/>\nliser\u00e9 inf\u00e9rieur avec cordon de serrage<br \/>\nfinition anti-boulochage sur le c\u00f4t\u00e9 ext\u00e9rieur<\/p>\n","protected":false},"excerpt":{"rendered":"<p>XS &#8211; 4XL<\/p>\n","protected":false},"featured_media":9209,"template":"","meta":{"_monsterinsights_skip_tracking":false,"_monsterinsights_sitenote_active":false,"_monsterinsights_sitenote_note":"","_monsterinsights_sitenote_category":0,"spay_email":""},"product_cat":[137],"product_tag":[180],"_links":{"self":[{"href":"https:\/\/flocagemania.com\/index.php\/wp-json\/wp\/v2\/product\/9210"}],"collection":[{"href":"https:\/\/flocagemania.com\/index.php\/wp-json\/wp\/v2\/product"}],"about":[{"href":"https:\/\/flocagemania.com\/index.php\/wp-json\/wp\/v2\/types\/product"}],"wp:featuredmedia":[{"embeddable":true,"href":"https:\/\/flocagemania.com\/index.php\/wp-json\/wp\/v2\/media\/9209"}],"wp:attachment":[{"href":"https:\/\/flocagemania.com\/index.php\/wp-json\/wp\/v2\/media?parent=9210"}],"wp:term":[{"taxonomy":"product_cat","embeddable":true,"href":"https:\/\/flocagemania.com\/index.php\/wp-json\/wp\/v2\/product_cat?post=9210"},{"taxonomy":"product_tag","embeddable":true,"href":"https:\/\/flocagemania.com\/index.php\/wp-json\/wp\/v2\/product_tag?post=9210"}],"curies":[{"name":"wp","href":"https:\/\/api.w.org\/{rel}","templated":true}]}}