{"id":9206,"date":"2022-11-04T20:20:18","date_gmt":"2022-11-04T20:20:18","guid":{"rendered":"https:\/\/flocagemania.com\/index.php\/product\/tee-shirt-unisex-hv-dry\/"},"modified":"2022-11-04T20:20:18","modified_gmt":"2022-11-04T20:20:18","slug":"tee-shirt-unisex-hv-dry","status":"publish","type":"product","link":"https:\/\/flocagemania.com\/index.php\/product\/tee-shirt-unisex-hv-dry\/","title":{"rendered":"Tee-shirt unisex HV DRY"},"content":{"rendered":"<p>Grid knit, 100 % polyester<br \/>\nbandes r\u00e9fl\u00e9chissantes segment\u00e9es<br \/>\nv\u00eatements haute visibilit\u00e9<br \/>\ntissu fluorescent \u00e0 s\u00e9chage rapide<br \/>\nbandes r\u00e9fl\u00e9chissantes segment\u00e9es<br \/>\ncoupe avec coutures lat\u00e9rales<br \/>\ncol rond en c\u00f4tes 1:1<br \/>\ncoutures d&rsquo;\u00e9paules renforc\u00e9es<br \/>\ncertification selon les normes EN ISO 20471 (classe 2) et EN ISO 13688<\/p>\n","protected":false},"excerpt":{"rendered":"<p>S &#8211; 3XL<\/p>\n","protected":false},"featured_media":9205,"template":"","meta":{"_monsterinsights_skip_tracking":false,"_monsterinsights_sitenote_active":false,"_monsterinsights_sitenote_note":"","_monsterinsights_sitenote_category":0,"spay_email":""},"product_cat":[133],"product_tag":[180],"_links":{"self":[{"href":"https:\/\/flocagemania.com\/index.php\/wp-json\/wp\/v2\/product\/9206"}],"collection":[{"href":"https:\/\/flocagemania.com\/index.php\/wp-json\/wp\/v2\/product"}],"about":[{"href":"https:\/\/flocagemania.com\/index.php\/wp-json\/wp\/v2\/types\/product"}],"wp:featuredmedia":[{"embeddable":true,"href":"https:\/\/flocagemania.com\/index.php\/wp-json\/wp\/v2\/media\/9205"}],"wp:attachment":[{"href":"https:\/\/flocagemania.com\/index.php\/wp-json\/wp\/v2\/media?parent=9206"}],"wp:term":[{"taxonomy":"product_cat","embeddable":true,"href":"https:\/\/flocagemania.com\/index.php\/wp-json\/wp\/v2\/product_cat?post=9206"},{"taxonomy":"product_tag","embeddable":true,"href":"https:\/\/flocagemania.com\/index.php\/wp-json\/wp\/v2\/product_tag?post=9206"}],"curies":[{"name":"wp","href":"https:\/\/api.w.org\/{rel}","templated":true}]}}