{"id":9204,"date":"2022-11-04T20:20:01","date_gmt":"2022-11-04T20:20:01","guid":{"rendered":"https:\/\/flocagemania.com\/index.php\/product\/veste-col-montant-de-securite-unisex\/"},"modified":"2022-11-04T20:20:01","modified_gmt":"2022-11-04T20:20:01","slug":"veste-col-montant-de-securite-unisex","status":"publish","type":"product","link":"https:\/\/flocagemania.com\/index.php\/product\/veste-col-montant-de-securite-unisex\/","title":{"rendered":"Veste col montant de s\u00e9curit\u00e9 unisex"},"content":{"rendered":"<p>Polaire, 100 % polyester, finition anti-boulochage<br \/>\nbandes retro-r\u00e9fl\u00e9chissantes 3M<br \/>\nv\u00eatements haute visibilit\u00e9<br \/>\ntissu fluorescent isolant<br \/>\nbandes retro-r\u00e9fl\u00e9chissantes certifi\u00e9es 3M<br \/>\nbande de propret\u00e9 \u00e0 l&rsquo;encolure dans la m\u00eame mati\u00e8re<br \/>\nfermeture \u00e9clair int\u00e9grale moul\u00e9e en couleur 01<br \/>\npoches passepoil\u00e9es avec fermeture \u00e0 glissi\u00e8re moul\u00e9e<br \/>\nliser\u00e9 inf\u00e9rieur avec cordon de serrage<br \/>\nmanches avec bande \u00e9lastique<br \/>\nfinition anti-boulochage sur le c\u00f4t\u00e9 ext\u00e9rieur<br \/>\ncertification selon les normes EN ISO 20471 (classe 3) et EN ISO 13688<\/p>\n","protected":false},"excerpt":{"rendered":"<p>M &#8211; 3XL<\/p>\n","protected":false},"featured_media":9203,"template":"","meta":{"_monsterinsights_skip_tracking":false,"_monsterinsights_sitenote_active":false,"_monsterinsights_sitenote_note":"","_monsterinsights_sitenote_category":0,"spay_email":""},"product_cat":[137],"product_tag":[180],"_links":{"self":[{"href":"https:\/\/flocagemania.com\/index.php\/wp-json\/wp\/v2\/product\/9204"}],"collection":[{"href":"https:\/\/flocagemania.com\/index.php\/wp-json\/wp\/v2\/product"}],"about":[{"href":"https:\/\/flocagemania.com\/index.php\/wp-json\/wp\/v2\/types\/product"}],"wp:featuredmedia":[{"embeddable":true,"href":"https:\/\/flocagemania.com\/index.php\/wp-json\/wp\/v2\/media\/9203"}],"wp:attachment":[{"href":"https:\/\/flocagemania.com\/index.php\/wp-json\/wp\/v2\/media?parent=9204"}],"wp:term":[{"taxonomy":"product_cat","embeddable":true,"href":"https:\/\/flocagemania.com\/index.php\/wp-json\/wp\/v2\/product_cat?post=9204"},{"taxonomy":"product_tag","embeddable":true,"href":"https:\/\/flocagemania.com\/index.php\/wp-json\/wp\/v2\/product_tag?post=9204"}],"curies":[{"name":"wp","href":"https:\/\/api.w.org\/{rel}","templated":true}]}}