{"id":9196,"date":"2022-11-04T19:11:13","date_gmt":"2022-11-04T19:11:13","guid":{"rendered":"https:\/\/flocagemania.com\/index.php\/product\/gilet-de-securite-unisex\/"},"modified":"2022-11-04T19:11:13","modified_gmt":"2022-11-04T19:11:13","slug":"gilet-de-securite-unisex","status":"publish","type":"product","link":"https:\/\/flocagemania.com\/index.php\/product\/gilet-de-securite-unisex\/","title":{"rendered":"Gilet de s\u00e9curit\u00e9 unisex"},"content":{"rendered":"<p>Tricot cha\u00eene, 100 % polyester, bandes r\u00e9tro-refl\u00e9chissantes<br \/>\nv\u00eatements haute visibilit\u00e9<br \/>\nfermeture avec velcro<br \/>\nbordure en couleur 01<br \/>\nbandes r\u00e9tro r\u00e9fl\u00e9chissantes<br \/>\ncertifi cation selon les normes EN ISO 20471 (classe 2) et EN ISO 13688<br \/>\ntaille M convient pour statures 160-176 cm tour de poitrine 84-108 cm<br \/>\ntaille 2XL convient pour statures 184-192 cm tour de poitrine 110-140 cm<\/p>\n","protected":false},"excerpt":{"rendered":"<p>M &#8211; 2XL<\/p>\n","protected":false},"featured_media":9195,"template":"","meta":{"_monsterinsights_skip_tracking":false,"_monsterinsights_sitenote_active":false,"_monsterinsights_sitenote_note":"","_monsterinsights_sitenote_category":0,"spay_email":""},"product_cat":[137],"product_tag":[159],"_links":{"self":[{"href":"https:\/\/flocagemania.com\/index.php\/wp-json\/wp\/v2\/product\/9196"}],"collection":[{"href":"https:\/\/flocagemania.com\/index.php\/wp-json\/wp\/v2\/product"}],"about":[{"href":"https:\/\/flocagemania.com\/index.php\/wp-json\/wp\/v2\/types\/product"}],"wp:featuredmedia":[{"embeddable":true,"href":"https:\/\/flocagemania.com\/index.php\/wp-json\/wp\/v2\/media\/9195"}],"wp:attachment":[{"href":"https:\/\/flocagemania.com\/index.php\/wp-json\/wp\/v2\/media?parent=9196"}],"wp:term":[{"taxonomy":"product_cat","embeddable":true,"href":"https:\/\/flocagemania.com\/index.php\/wp-json\/wp\/v2\/product_cat?post=9196"},{"taxonomy":"product_tag","embeddable":true,"href":"https:\/\/flocagemania.com\/index.php\/wp-json\/wp\/v2\/product_tag?post=9196"}],"curies":[{"name":"wp","href":"https:\/\/api.w.org\/{rel}","templated":true}]}}