{"id":9192,"date":"2022-11-04T19:07:09","date_gmt":"2022-11-04T19:07:09","guid":{"rendered":"https:\/\/flocagemania.com\/index.php\/product\/sweatshirt-unisex-hv-essential\/"},"modified":"2022-11-04T19:31:07","modified_gmt":"2022-11-04T19:31:07","slug":"sweatshirt-unisex-hv-essential","status":"publish","type":"product","link":"https:\/\/flocagemania.com\/index.php\/product\/sweatshirt-unisex-hv-essential\/","title":{"rendered":"Sweatshirt unisex HV ESSENTIAL"},"content":{"rendered":"<p>100 % polyester, bandes retro-r\u00e9fl\u00e9chissantes 3M<br \/>\nv\u00eatements haute visibilit\u00e9<br \/>\ntissu r\u00e9fl\u00e9chissant lisse<br \/>\npartie interne gratt\u00e9e<br \/>\nbandes retro-r\u00e9fl\u00e9chissantes certifi\u00e9es 3M<br \/>\ncoupe droite avec coutures lat\u00e9rales<br \/>\nourlet, poignets et encolure en c\u00f4te 1: 1<br \/>\ncertification selon les normes EN ISO 20471 (classe 3) et EN ISO 13688<\/p>\n","protected":false},"excerpt":{"rendered":"<p>M &#8211; 3XL<\/p>\n","protected":false},"featured_media":9191,"template":"","meta":{"_monsterinsights_skip_tracking":false,"_monsterinsights_sitenote_active":false,"_monsterinsights_sitenote_note":"","_monsterinsights_sitenote_category":0,"spay_email":""},"product_cat":[174,136],"product_tag":[159],"_links":{"self":[{"href":"https:\/\/flocagemania.com\/index.php\/wp-json\/wp\/v2\/product\/9192"}],"collection":[{"href":"https:\/\/flocagemania.com\/index.php\/wp-json\/wp\/v2\/product"}],"about":[{"href":"https:\/\/flocagemania.com\/index.php\/wp-json\/wp\/v2\/types\/product"}],"wp:featuredmedia":[{"embeddable":true,"href":"https:\/\/flocagemania.com\/index.php\/wp-json\/wp\/v2\/media\/9191"}],"wp:attachment":[{"href":"https:\/\/flocagemania.com\/index.php\/wp-json\/wp\/v2\/media?parent=9192"}],"wp:term":[{"taxonomy":"product_cat","embeddable":true,"href":"https:\/\/flocagemania.com\/index.php\/wp-json\/wp\/v2\/product_cat?post=9192"},{"taxonomy":"product_tag","embeddable":true,"href":"https:\/\/flocagemania.com\/index.php\/wp-json\/wp\/v2\/product_tag?post=9192"}],"curies":[{"name":"wp","href":"https:\/\/api.w.org\/{rel}","templated":true}]}}