{"id":9188,"date":"2022-11-04T19:06:35","date_gmt":"2022-11-04T19:06:35","guid":{"rendered":"https:\/\/flocagemania.com\/?post_type=product&#038;p=9188"},"modified":"2022-11-04T19:09:22","modified_gmt":"2022-11-04T19:09:22","slug":"sac-a-dos-unisex","status":"publish","type":"product","link":"https:\/\/flocagemania.com\/index.php\/product\/sac-a-dos-unisex\/","title":{"rendered":"Sac \u00e0 dos unisex"},"content":{"rendered":"<p>Oxford, 100 % polyester, bande r\u00e9tro-r\u00e9fl\u00e9chissante<br \/>\ntissu fluorescent<br \/>\nfermeture par cordon<br \/>\n2 cordons en polyester de couleur grise<br \/>\nbande r\u00e9tro r\u00e9fl\u00e9chissante<br \/>\n\u00e9l\u00e9ments r\u00e9fl\u00e9chissants parties inf\u00e9rieures<br \/>\npoche int\u00e9rieure zipp\u00e9e 20 x 23 cm<br \/>\nsac de gym dimension 45 x 34 cm<\/p>\n","protected":false},"excerpt":{"rendered":"<p>uni<\/p>\n","protected":false},"featured_media":9189,"template":"","meta":{"_monsterinsights_skip_tracking":false,"_monsterinsights_sitenote_active":false,"_monsterinsights_sitenote_note":"","_monsterinsights_sitenote_category":0,"spay_email":""},"product_cat":[138],"product_tag":[179],"_links":{"self":[{"href":"https:\/\/flocagemania.com\/index.php\/wp-json\/wp\/v2\/product\/9188"}],"collection":[{"href":"https:\/\/flocagemania.com\/index.php\/wp-json\/wp\/v2\/product"}],"about":[{"href":"https:\/\/flocagemania.com\/index.php\/wp-json\/wp\/v2\/types\/product"}],"wp:featuredmedia":[{"embeddable":true,"href":"https:\/\/flocagemania.com\/index.php\/wp-json\/wp\/v2\/media\/9189"}],"wp:attachment":[{"href":"https:\/\/flocagemania.com\/index.php\/wp-json\/wp\/v2\/media?parent=9188"}],"wp:term":[{"taxonomy":"product_cat","embeddable":true,"href":"https:\/\/flocagemania.com\/index.php\/wp-json\/wp\/v2\/product_cat?post=9188"},{"taxonomy":"product_tag","embeddable":true,"href":"https:\/\/flocagemania.com\/index.php\/wp-json\/wp\/v2\/product_tag?post=9188"}],"curies":[{"name":"wp","href":"https:\/\/api.w.org\/{rel}","templated":true}]}}