{"id":9185,"date":"2022-11-04T18:54:42","date_gmt":"2022-11-04T18:54:42","guid":{"rendered":"https:\/\/flocagemania.com\/?post_type=product&#038;p=9185"},"modified":"2022-11-04T18:56:18","modified_gmt":"2022-11-04T18:56:18","slug":"jacketfleece-femme","status":"publish","type":"product","link":"https:\/\/flocagemania.com\/index.php\/product\/jacketfleece-femme\/","title":{"rendered":"JACKET\nFleece femme"},"content":{"rendered":"<p>Polaire, 100 % polyester, finition anti-boulochage<br \/>\ntissu isolant<br \/>\ncoupe l\u00e9g\u00e8rement cintr\u00e9e<br \/>\nbande de propret\u00e9 \u00e0 l&rsquo;encolure dans la m\u00eame mati\u00e8re<br \/>\nfermeture \u00e9clair plastique pleine longueur<br \/>\npoches avec fermeture \u00e0 glissi\u00e8re moul\u00e9e<br \/>\nliser\u00e9 inf\u00e9rieur avec cordon de serrage<br \/>\nmanches avec bande \u00e9lastique<br \/>\nfinition anti-boulochage sur le c\u00f4t\u00e9 ext\u00e9rieur<\/p>\n","protected":false},"excerpt":{"rendered":"<p>XS &#8211; 2XL<\/p>\n","protected":false},"featured_media":9186,"template":"","meta":{"_monsterinsights_skip_tracking":false,"_monsterinsights_sitenote_active":false,"_monsterinsights_sitenote_note":"","_monsterinsights_sitenote_category":0,"spay_email":""},"product_cat":[137],"product_tag":[],"_links":{"self":[{"href":"https:\/\/flocagemania.com\/index.php\/wp-json\/wp\/v2\/product\/9185"}],"collection":[{"href":"https:\/\/flocagemania.com\/index.php\/wp-json\/wp\/v2\/product"}],"about":[{"href":"https:\/\/flocagemania.com\/index.php\/wp-json\/wp\/v2\/types\/product"}],"wp:featuredmedia":[{"embeddable":true,"href":"https:\/\/flocagemania.com\/index.php\/wp-json\/wp\/v2\/media\/9186"}],"wp:attachment":[{"href":"https:\/\/flocagemania.com\/index.php\/wp-json\/wp\/v2\/media?parent=9185"}],"wp:term":[{"taxonomy":"product_cat","embeddable":true,"href":"https:\/\/flocagemania.com\/index.php\/wp-json\/wp\/v2\/product_cat?post=9185"},{"taxonomy":"product_tag","embeddable":true,"href":"https:\/\/flocagemania.com\/index.php\/wp-json\/wp\/v2\/product_tag?post=9185"}],"curies":[{"name":"wp","href":"https:\/\/api.w.org\/{rel}","templated":true}]}}