{"id":9174,"date":"2022-11-04T18:26:48","date_gmt":"2022-11-04T18:26:48","guid":{"rendered":"https:\/\/flocagemania.com\/index.php\/product\/everest-femme\/"},"modified":"2022-11-04T18:51:08","modified_gmt":"2022-11-04T18:51:08","slug":"everest-femme","status":"publish","type":"product","link":"https:\/\/flocagemania.com\/index.php\/product\/everest-femme\/","title":{"rendered":"EVEREST FEMME"},"content":{"rendered":"<p>Tissu toile, micro fibre &#8211; 100 % polyamide<br \/>\ncouche interm\u00e9diaire: 100 % polyester<br \/>\nmati\u00e8re l\u00e9g\u00e8re chauffante compartiment\u00e9e par surpiqure<br \/>\ncoupe form\u00e9e avec parties lat\u00e9rales<br \/>\nfermeture \u00e9clair int\u00e9grale spirale invers\u00e9e avec une protection du menton<br \/>\npoches \u00e0 fermeture \u00e9clair spirale r\u00e9versible<br \/>\nentr\u00e9e pour marquage dans la doublure de la partie arri\u00e8re<br \/>\nourlet par bande \u00e9lastique<br \/>\n\u00e9l\u00e9ments de contraste (hormis la couleur 01)<\/p>\n","protected":false},"excerpt":{"rendered":"<p>Femme XS &#8211; 2XL<\/p>\n","protected":false},"featured_media":9173,"template":"","meta":{"_monsterinsights_skip_tracking":false,"_monsterinsights_sitenote_active":false,"_monsterinsights_sitenote_note":"","_monsterinsights_sitenote_category":0,"spay_email":""},"product_cat":[137],"product_tag":[159],"_links":{"self":[{"href":"https:\/\/flocagemania.com\/index.php\/wp-json\/wp\/v2\/product\/9174"}],"collection":[{"href":"https:\/\/flocagemania.com\/index.php\/wp-json\/wp\/v2\/product"}],"about":[{"href":"https:\/\/flocagemania.com\/index.php\/wp-json\/wp\/v2\/types\/product"}],"wp:featuredmedia":[{"embeddable":true,"href":"https:\/\/flocagemania.com\/index.php\/wp-json\/wp\/v2\/media\/9173"}],"wp:attachment":[{"href":"https:\/\/flocagemania.com\/index.php\/wp-json\/wp\/v2\/media?parent=9174"}],"wp:term":[{"taxonomy":"product_cat","embeddable":true,"href":"https:\/\/flocagemania.com\/index.php\/wp-json\/wp\/v2\/product_cat?post=9174"},{"taxonomy":"product_tag","embeddable":true,"href":"https:\/\/flocagemania.com\/index.php\/wp-json\/wp\/v2\/product_tag?post=9174"}],"curies":[{"name":"wp","href":"https:\/\/api.w.org\/{rel}","templated":true}]}}