{"id":7860,"date":"2022-06-14T08:16:18","date_gmt":"2022-06-14T08:16:18","guid":{"rendered":"https:\/\/flocagemania.com\/?post_type=product&#038;p=7860"},"modified":"2022-10-28T20:50:51","modified_gmt":"2022-10-28T20:50:51","slug":"softshell-3-couches","status":"publish","type":"product","link":"https:\/\/flocagemania.com\/index.php\/product\/softshell-3-couches\/","title":{"rendered":"Softshell 3 couches"},"content":{"rendered":"<ul>\n<li>Softshell: 94 % polyester, 6 % \u00e9lasthanne; membrane respirante; Micro polaire, 100 % polyester, finition anti-boulochage<\/li>\n<li>imperm\u00e9abilit\u00e9 14 000 mm, perm\u00e9abilit\u00e9 \u00e0 l&rsquo;air 2 000 g\/m\u00b2\/24 heures<\/li>\n<li>softshell \u00e0 3 couches avec membrane<\/li>\n<li>fermeture \u00e9clair int\u00e9grale spirale invers\u00e9e avec une protection du menton<\/li>\n<li>capuche amovible<\/li>\n<li>ourlets ajustables avec velcro<\/li>\n<li>liser\u00e9 inf\u00e9rieur avec cordon de serrage<\/li>\n<li>poches \u00e0 fermeture \u00e9clair spirale r\u00e9versible<\/li>\n<li>poche de poitrine<\/li>\n<li>poche int\u00e9rieure zipp\u00e9e sur la poitrine pour marquage<\/li>\n<li>bord arri\u00e8re l\u00e9g\u00e8rement prolong\u00e9<\/li>\n<li>\u00e9l\u00e9ments de contraste<\/li>\n<li>molleton int\u00e9rieur avec traitement<\/li>\n<li>antiboulochage<\/li>\n<\/ul>\n<div class=\"Description__description-list\"><\/div>\n","protected":false},"excerpt":{"rendered":"<ul>\n<li>Softshell: 94 % polyester, 6 % \u00e9lasthanne; membrane respirante; Micro polaire, 100 % polyester, finition anti-boulochage<\/li>\n<li>imperm\u00e9abilit\u00e9 14 000 mm, perm\u00e9abilit\u00e9 \u00e0 l&rsquo;air 2 000 g\/m\u00b2\/24 heures<\/li>\n<li>softshell \u00e0 3 couches avec membrane<\/li>\n<li>fermeture \u00e9clair int\u00e9grale spirale invers\u00e9e avec une protection du menton<\/li>\n<li>capuche amovible<\/li>\n<li>ourlets ajustables avec velcro<\/li>\n<li>liser\u00e9 inf\u00e9rieur avec cordon de serrage<\/li>\n<li>poches \u00e0 fermeture \u00e9clair spirale r\u00e9versible<\/li>\n<li>poche de poitrine<\/li>\n<li>poche int\u00e9rieure zipp\u00e9e sur la poitrine pour marquage<\/li>\n<li>bord arri\u00e8re l\u00e9g\u00e8rement prolong\u00e9<\/li>\n<li>\u00e9l\u00e9ments de contraste<\/li>\n<li>molleton int\u00e9rieur avec traitement<\/li>\n<li>antiboulochage<\/li>\n<\/ul>\n<div class=\"Description__description-list\"><\/div>\n","protected":false},"featured_media":7861,"template":"","meta":{"_monsterinsights_skip_tracking":false,"_monsterinsights_sitenote_active":false,"_monsterinsights_sitenote_note":"","_monsterinsights_sitenote_category":0,"spay_email":""},"product_cat":[137],"product_tag":[159],"_links":{"self":[{"href":"https:\/\/flocagemania.com\/index.php\/wp-json\/wp\/v2\/product\/7860"}],"collection":[{"href":"https:\/\/flocagemania.com\/index.php\/wp-json\/wp\/v2\/product"}],"about":[{"href":"https:\/\/flocagemania.com\/index.php\/wp-json\/wp\/v2\/types\/product"}],"wp:featuredmedia":[{"embeddable":true,"href":"https:\/\/flocagemania.com\/index.php\/wp-json\/wp\/v2\/media\/7861"}],"wp:attachment":[{"href":"https:\/\/flocagemania.com\/index.php\/wp-json\/wp\/v2\/media?parent=7860"}],"wp:term":[{"taxonomy":"product_cat","embeddable":true,"href":"https:\/\/flocagemania.com\/index.php\/wp-json\/wp\/v2\/product_cat?post=7860"},{"taxonomy":"product_tag","embeddable":true,"href":"https:\/\/flocagemania.com\/index.php\/wp-json\/wp\/v2\/product_tag?post=7860"}],"curies":[{"name":"wp","href":"https:\/\/api.w.org\/{rel}","templated":true}]}}