{"id":7733,"date":"2022-06-13T20:01:31","date_gmt":"2022-06-13T20:01:31","guid":{"rendered":"https:\/\/flocagemania.com\/?post_type=product&#038;p=7733"},"modified":"2022-10-28T20:54:03","modified_gmt":"2022-10-28T20:54:03","slug":"sweatshirt-homme","status":"publish","type":"product","link":"https:\/\/flocagemania.com\/index.php\/product\/sweatshirt-homme\/","title":{"rendered":"Sweatshirt Homme"},"content":{"rendered":"<div class=\"Description__subtitle\">Sweatshirt homme<\/div>\n<div class=\"Description__description-sizes\">S &#8211; 3XL<\/div>\n<ul>\n<li>Molleton, int\u00e9rieur gratt\u00e9, 65 % coton, 35 % polyester<\/li>\n<\/ul>\n<div class=\"Description__description-list\">\n<ul>\n<li>coupe droite avec coutures lat\u00e9rales<\/li>\n<li>liser\u00e9 inf\u00e9rieur, manchettes et encolure en \u00e9toffe c\u00f4tel\u00e9e 1:1 avec 5 % d&rsquo;\u00e9lasthanne<\/li>\n<li>partie interne gratt\u00e9e<\/li>\n<li>Lavage \u00e0 40\u00b0C<\/li>\n<\/ul>\n<\/div>\n","protected":false},"excerpt":{"rendered":"<div class=\"Description__subtitle\">Sweatshirt homme<\/div>\n<div class=\"Description__description-sizes\">S &#8211; 3XL<\/div>\n<ul>\n<li>Molleton, int\u00e9rieur gratt\u00e9, 65 % coton, 35 % polyester<\/li>\n<\/ul>\n<div class=\"Description__description-list\">\n<ul>\n<li>coupe droite avec coutures lat\u00e9rales<\/li>\n<li>liser\u00e9 inf\u00e9rieur, manchettes et encolure en \u00e9toffe c\u00f4tel\u00e9e 1:1 avec 5 % d&rsquo;\u00e9lasthanne<\/li>\n<li>partie interne gratt\u00e9e<\/li>\n<li>Lavage \u00e0 40\u00b0C<\/li>\n<\/ul>\n<\/div>\n","protected":false},"featured_media":7766,"template":"","meta":{"_monsterinsights_skip_tracking":false,"_monsterinsights_sitenote_active":false,"_monsterinsights_sitenote_note":"","_monsterinsights_sitenote_category":0,"spay_email":""},"product_cat":[174,136],"product_tag":[171],"_links":{"self":[{"href":"https:\/\/flocagemania.com\/index.php\/wp-json\/wp\/v2\/product\/7733"}],"collection":[{"href":"https:\/\/flocagemania.com\/index.php\/wp-json\/wp\/v2\/product"}],"about":[{"href":"https:\/\/flocagemania.com\/index.php\/wp-json\/wp\/v2\/types\/product"}],"wp:featuredmedia":[{"embeddable":true,"href":"https:\/\/flocagemania.com\/index.php\/wp-json\/wp\/v2\/media\/7766"}],"wp:attachment":[{"href":"https:\/\/flocagemania.com\/index.php\/wp-json\/wp\/v2\/media?parent=7733"}],"wp:term":[{"taxonomy":"product_cat","embeddable":true,"href":"https:\/\/flocagemania.com\/index.php\/wp-json\/wp\/v2\/product_cat?post=7733"},{"taxonomy":"product_tag","embeddable":true,"href":"https:\/\/flocagemania.com\/index.php\/wp-json\/wp\/v2\/product_tag?post=7733"}],"curies":[{"name":"wp","href":"https:\/\/api.w.org\/{rel}","templated":true}]}}