{"id":7575,"date":"2022-06-13T19:27:46","date_gmt":"2022-06-13T19:27:46","guid":{"rendered":"https:\/\/flocagemania.com\/?post_type=product&#038;p=7575"},"modified":"2022-10-28T20:54:44","modified_gmt":"2022-10-28T20:54:44","slug":"polo-pique-homme","status":"publish","type":"product","link":"https:\/\/flocagemania.com\/index.php\/product\/polo-pique-homme\/","title":{"rendered":"Polo Piqu\u00e9 homme"},"content":{"rendered":"<div class=\"Description__subtitle\">Polo homme<\/div>\n<div class=\"Description__description-sizes\">S &#8211; 3XL<\/div>\n<ul>\n<li>Piqu\u00e9, 65 % coton, 35 % polyester (composition de couleur 12 pouvant diff\u00e9rer &#8211; 85 % coton, 15 % viscose)<\/li>\n<\/ul>\n<div class=\"Description__description-list\">\n<ul>\n<li>coupe avec coutures lat\u00e9rales<\/li>\n<li>col en c\u00f4tes 1:1 avec ondulations d\u00e9coratifs<\/li>\n<li>patte de boutonnage 3 boutons<\/li>\n<li>bande de propret\u00e9 col dans la m\u00eame mati\u00e8re<\/li>\n<li>coutures d&rsquo;\u00e9paules renforc\u00e9es<\/li>\n<li>manches longues<\/li>\n<li>Lavage: 40\u00b0C<\/li>\n<\/ul>\n<\/div>\n","protected":false},"excerpt":{"rendered":"<div class=\"Description__subtitle\">Polo homme<\/div>\n<div class=\"Description__description-sizes\">S &#8211; 3XL<\/div>\n<ul>\n<li>Piqu\u00e9, 65 % coton, 35 % polyester (composition de couleur 12 pouvant diff\u00e9rer &#8211; 85 % coton, 15 % viscose)<\/li>\n<\/ul>\n<div class=\"Description__description-list\">\n<ul>\n<li>coupe avec coutures lat\u00e9rales<\/li>\n<li>col en c\u00f4tes 1:1 avec ondulations d\u00e9coratifs<\/li>\n<li>patte de boutonnage 3 boutons<\/li>\n<li>bande de propret\u00e9 col dans la m\u00eame mati\u00e8re<\/li>\n<li>coutures d&rsquo;\u00e9paules renforc\u00e9es<\/li>\n<li>manches longues<\/li>\n<li>Lavage: 40\u00b0C<\/li>\n<\/ul>\n<\/div>\n","protected":false},"featured_media":7667,"template":"","meta":{"_monsterinsights_skip_tracking":false,"_monsterinsights_sitenote_active":false,"_monsterinsights_sitenote_note":"","_monsterinsights_sitenote_category":0,"spay_email":""},"product_cat":[172,134],"product_tag":[159],"_links":{"self":[{"href":"https:\/\/flocagemania.com\/index.php\/wp-json\/wp\/v2\/product\/7575"}],"collection":[{"href":"https:\/\/flocagemania.com\/index.php\/wp-json\/wp\/v2\/product"}],"about":[{"href":"https:\/\/flocagemania.com\/index.php\/wp-json\/wp\/v2\/types\/product"}],"wp:featuredmedia":[{"embeddable":true,"href":"https:\/\/flocagemania.com\/index.php\/wp-json\/wp\/v2\/media\/7667"}],"wp:attachment":[{"href":"https:\/\/flocagemania.com\/index.php\/wp-json\/wp\/v2\/media?parent=7575"}],"wp:term":[{"taxonomy":"product_cat","embeddable":true,"href":"https:\/\/flocagemania.com\/index.php\/wp-json\/wp\/v2\/product_cat?post=7575"},{"taxonomy":"product_tag","embeddable":true,"href":"https:\/\/flocagemania.com\/index.php\/wp-json\/wp\/v2\/product_tag?post=7575"}],"curies":[{"name":"wp","href":"https:\/\/api.w.org\/{rel}","templated":true}]}}