{"id":7405,"date":"2022-06-13T19:19:34","date_gmt":"2022-06-13T19:19:34","guid":{"rendered":"https:\/\/flocagemania.com\/?post_type=product&#038;p=7405"},"modified":"2022-10-28T20:54:52","modified_gmt":"2022-10-28T20:54:52","slug":"polo-basic-pique","status":"publish","type":"product","link":"https:\/\/flocagemania.com\/index.php\/product\/polo-basic-pique\/","title":{"rendered":"Polo basic piqu\u00e9"},"content":{"rendered":"<ul>\n<li>Piqu\u00e9, 65 % coton, 35 % polyester (composition de couleur 12 pouvant diff\u00e9rer &#8211; 85 % coton, 15 % viscose)<\/li>\n<\/ul>\n<div class=\"Description__description-list\">\n<ul>\n<li>coup ajust\u00e9e avec coutures lat\u00e9rales<\/li>\n<li>col et manches en c\u00f4tes 1:1 avec ondulations d\u00e9coratifs<\/li>\n<li>patte de boutonnage \u00e9troite 5 boutons<\/li>\n<li>bande de propret\u00e9 col dans la m\u00eame mati\u00e8re<\/li>\n<li>coutures d&rsquo;\u00e9paules renforc\u00e9es<\/li>\n<li>Lavage 40\u00b0C<\/li>\n<\/ul>\n<\/div>\n","protected":false},"excerpt":{"rendered":"<ul>\n<li>Piqu\u00e9, 65 % coton, 35 % polyester (composition de couleur 12 pouvant diff\u00e9rer &#8211; 85 % coton, 15 % viscose)<\/li>\n<\/ul>\n<div class=\"Description__description-list\">\n<ul>\n<li>coup ajust\u00e9e avec coutures lat\u00e9rales<\/li>\n<li>col et manches en c\u00f4tes 1:1 avec ondulations d\u00e9coratifs<\/li>\n<li>patte de boutonnage \u00e9troite 5 boutons<\/li>\n<li>bande de propret\u00e9 col dans la m\u00eame mati\u00e8re<\/li>\n<li>coutures d&rsquo;\u00e9paules renforc\u00e9es<\/li>\n<li>Lavage 40\u00b0C<\/li>\n<\/ul>\n<\/div>\n","protected":false},"featured_media":7406,"template":"","meta":{"_monsterinsights_skip_tracking":false,"_monsterinsights_sitenote_active":false,"_monsterinsights_sitenote_note":"","_monsterinsights_sitenote_category":0,"spay_email":""},"product_cat":[134],"product_tag":[159],"_links":{"self":[{"href":"https:\/\/flocagemania.com\/index.php\/wp-json\/wp\/v2\/product\/7405"}],"collection":[{"href":"https:\/\/flocagemania.com\/index.php\/wp-json\/wp\/v2\/product"}],"about":[{"href":"https:\/\/flocagemania.com\/index.php\/wp-json\/wp\/v2\/types\/product"}],"wp:featuredmedia":[{"embeddable":true,"href":"https:\/\/flocagemania.com\/index.php\/wp-json\/wp\/v2\/media\/7406"}],"wp:attachment":[{"href":"https:\/\/flocagemania.com\/index.php\/wp-json\/wp\/v2\/media?parent=7405"}],"wp:term":[{"taxonomy":"product_cat","embeddable":true,"href":"https:\/\/flocagemania.com\/index.php\/wp-json\/wp\/v2\/product_cat?post=7405"},{"taxonomy":"product_tag","embeddable":true,"href":"https:\/\/flocagemania.com\/index.php\/wp-json\/wp\/v2\/product_tag?post=7405"}],"curies":[{"name":"wp","href":"https:\/\/api.w.org\/{rel}","templated":true}]}}