{"id":7174,"date":"2022-06-13T19:03:02","date_gmt":"2022-06-13T19:03:02","guid":{"rendered":"https:\/\/flocagemania.com\/?post_type=product&#038;p=7174"},"modified":"2022-10-28T20:55:04","modified_gmt":"2022-10-28T20:55:04","slug":"t-shirt-basic-enfant","status":"publish","type":"product","link":"https:\/\/flocagemania.com\/index.php\/product\/t-shirt-basic-enfant\/","title":{"rendered":"T-shirt basic enfant"},"content":{"rendered":"<ul>\n<li class=\"Description__subtitle\">Tee-shirt enfant<\/li>\n<li class=\"Description__description-sizes\">110 cm\/4 ans &#8211;\u00a0158 cm\/12 ans<\/li>\n<li>Jersey simple, 100 % coton, finition en silicone<\/li>\n<li>coupe avec coutures lat\u00e9rales<\/li>\n<li>col \u00e9troit en c\u00f4te 1:1 avec 5 % d&rsquo;\u00e9lasthanne<\/li>\n<li>bande de propret\u00e9 col dans la m\u00eame mati\u00e8re<\/li>\n<li>coutures d&rsquo;\u00e9paules renforc\u00e9es<\/li>\n<li>finition en silicone<\/li>\n<\/ul>\n","protected":false},"excerpt":{"rendered":"<ul>\n<li class=\"Description__subtitle\">Tee-shirt enfant<\/li>\n<li class=\"Description__description-sizes\">110 cm\/4 ans &#8211;\u00a0158 cm\/12 ans<\/li>\n<li>Jersey simple, 100 % coton, finition en silicone<\/li>\n<li>coupe avec coutures lat\u00e9rales<\/li>\n<li>col \u00e9troit en c\u00f4te 1:1 avec 5 % d&rsquo;\u00e9lasthanne<\/li>\n<li>bande de propret\u00e9 col dans la m\u00eame mati\u00e8re<\/li>\n<li>coutures d&rsquo;\u00e9paules renforc\u00e9es<\/li>\n<li>finition en silicone<\/li>\n<\/ul>\n","protected":false},"featured_media":7255,"template":"","meta":{"_monsterinsights_skip_tracking":false,"_monsterinsights_sitenote_active":false,"_monsterinsights_sitenote_note":"","_monsterinsights_sitenote_category":0,"spay_email":""},"product_cat":[160,133],"product_tag":[168],"_links":{"self":[{"href":"https:\/\/flocagemania.com\/index.php\/wp-json\/wp\/v2\/product\/7174"}],"collection":[{"href":"https:\/\/flocagemania.com\/index.php\/wp-json\/wp\/v2\/product"}],"about":[{"href":"https:\/\/flocagemania.com\/index.php\/wp-json\/wp\/v2\/types\/product"}],"wp:featuredmedia":[{"embeddable":true,"href":"https:\/\/flocagemania.com\/index.php\/wp-json\/wp\/v2\/media\/7255"}],"wp:attachment":[{"href":"https:\/\/flocagemania.com\/index.php\/wp-json\/wp\/v2\/media?parent=7174"}],"wp:term":[{"taxonomy":"product_cat","embeddable":true,"href":"https:\/\/flocagemania.com\/index.php\/wp-json\/wp\/v2\/product_cat?post=7174"},{"taxonomy":"product_tag","embeddable":true,"href":"https:\/\/flocagemania.com\/index.php\/wp-json\/wp\/v2\/product_tag?post=7174"}],"curies":[{"name":"wp","href":"https:\/\/api.w.org\/{rel}","templated":true}]}}