{"id":7105,"date":"2022-06-13T18:43:37","date_gmt":"2022-06-13T18:43:37","guid":{"rendered":"https:\/\/flocagemania.com\/?post_type=product&#038;p=7105"},"modified":"2022-10-28T20:55:07","modified_gmt":"2022-10-28T20:55:07","slug":"slim-fit-col-v-unisexe","status":"publish","type":"product","link":"https:\/\/flocagemania.com\/index.php\/product\/slim-fit-col-v-unisexe\/","title":{"rendered":"Slim fit Col V Unisexe"},"content":{"rendered":"<ul>\n<li class=\"Description__subtitle\">Tee-shirt femme<\/li>\n<li class=\"Description__description-sizes\">Tailles: du XS au 2XL<\/li>\n<li class=\"Description__description-sizes\">Jersey simple<\/li>\n<li class=\"Description__description-sizes\">100 % coton<\/li>\n<li class=\"Description__description-sizes\">finition en silicone<\/li>\n<li class=\"Description__description-sizes\">coupe l\u00e9g\u00e8rement ajust\u00e9e avec coutures lat\u00e9rales<\/li>\n<li class=\"Description__description-sizes\">col en V profond<\/li>\n<li class=\"Description__description-sizes\">col \u00e9troit dans la m\u00eame mati\u00e8re avec 5 % d&rsquo;\u00e9lasthanne<\/li>\n<li class=\"Description__description-sizes\">bande de propret\u00e9 col dans la m\u00eame mati\u00e8re<\/li>\n<li class=\"Description__description-sizes\">coutures d&rsquo;\u00e9paules renforc\u00e9es<\/li>\n<li class=\"Description__description-sizes\">manches plus courtes<\/li>\n<li class=\"Description__description-sizes\">finition en silicone<\/li>\n<\/ul>\n","protected":false},"excerpt":{"rendered":"<ul>\n<li class=\"Description__subtitle\">Tee-shirt femme<\/li>\n<li class=\"Description__description-sizes\">Tailles: du XS au 2XL<\/li>\n<li class=\"Description__description-sizes\">Jersey simple<\/li>\n<li class=\"Description__description-sizes\">100 % coton<\/li>\n<li class=\"Description__description-sizes\">finition en silicone<\/li>\n<li class=\"Description__description-sizes\">coupe l\u00e9g\u00e8rement ajust\u00e9e avec coutures lat\u00e9rales<\/li>\n<li class=\"Description__description-sizes\">col en V profond<\/li>\n<li class=\"Description__description-sizes\">col \u00e9troit dans la m\u00eame mati\u00e8re avec 5 % d&rsquo;\u00e9lasthanne<\/li>\n<li class=\"Description__description-sizes\">bande de propret\u00e9 col dans la m\u00eame mati\u00e8re<\/li>\n<li class=\"Description__description-sizes\">coutures d&rsquo;\u00e9paules renforc\u00e9es<\/li>\n<li class=\"Description__description-sizes\">manches plus courtes<\/li>\n<li class=\"Description__description-sizes\">finition en silicone<\/li>\n<\/ul>\n","protected":false},"featured_media":7106,"template":"","meta":{"_monsterinsights_skip_tracking":false,"_monsterinsights_sitenote_active":false,"_monsterinsights_sitenote_note":"","_monsterinsights_sitenote_category":0,"spay_email":""},"product_cat":[160,133],"product_tag":[159],"_links":{"self":[{"href":"https:\/\/flocagemania.com\/index.php\/wp-json\/wp\/v2\/product\/7105"}],"collection":[{"href":"https:\/\/flocagemania.com\/index.php\/wp-json\/wp\/v2\/product"}],"about":[{"href":"https:\/\/flocagemania.com\/index.php\/wp-json\/wp\/v2\/types\/product"}],"wp:featuredmedia":[{"embeddable":true,"href":"https:\/\/flocagemania.com\/index.php\/wp-json\/wp\/v2\/media\/7106"}],"wp:attachment":[{"href":"https:\/\/flocagemania.com\/index.php\/wp-json\/wp\/v2\/media?parent=7105"}],"wp:term":[{"taxonomy":"product_cat","embeddable":true,"href":"https:\/\/flocagemania.com\/index.php\/wp-json\/wp\/v2\/product_cat?post=7105"},{"taxonomy":"product_tag","embeddable":true,"href":"https:\/\/flocagemania.com\/index.php\/wp-json\/wp\/v2\/product_tag?post=7105"}],"curies":[{"name":"wp","href":"https:\/\/api.w.org\/{rel}","templated":true}]}}