{"id":6998,"date":"2022-06-13T18:38:38","date_gmt":"2022-06-13T18:38:38","guid":{"rendered":"https:\/\/flocagemania.com\/?post_type=product&#038;p=6998"},"modified":"2022-10-28T20:55:11","modified_gmt":"2022-10-28T20:55:11","slug":"pull-basic-col-rond","status":"publish","type":"product","link":"https:\/\/flocagemania.com\/index.php\/product\/pull-basic-col-rond\/","title":{"rendered":"Pull Basic Col Rond"},"content":{"rendered":"<ul>\n<li class=\"Description__subtitle\">Tee-shirt femme<\/li>\n<li class=\"Description__description-sizes\">XS &#8211; 3XL<\/li>\n<li class=\"Description__description-sizes\">Jersey simple<\/li>\n<li class=\"Description__description-sizes\">95 % coton, 5 % \u00e9lasthanne<\/li>\n<li class=\"Description__description-sizes\">mati\u00e8re extensible<\/li>\n<li class=\"Description__description-sizes\">coupe Slim fit avec coutures lat\u00e9rales<\/li>\n<li class=\"Description__description-sizes\">col fin dans la m\u00eame mati\u00e8re<\/li>\n<li class=\"Description__description-sizes\">bande de propret\u00e9 col dans la m\u00eame mati\u00e8re<\/li>\n<li class=\"Description__description-sizes\">manches longues<\/li>\n<\/ul>\n","protected":false},"excerpt":{"rendered":"<ul>\n<li class=\"Description__subtitle\">Tee-shirt femme<\/li>\n<li class=\"Description__description-sizes\">XS &#8211; 3XL<\/li>\n<li class=\"Description__description-sizes\">Jersey simple<\/li>\n<li class=\"Description__description-sizes\">95 % coton, 5 % \u00e9lasthanne<\/li>\n<li class=\"Description__description-sizes\">mati\u00e8re extensible<\/li>\n<li class=\"Description__description-sizes\">coupe Slim fit avec coutures lat\u00e9rales<\/li>\n<li class=\"Description__description-sizes\">col fin dans la m\u00eame mati\u00e8re<\/li>\n<li class=\"Description__description-sizes\">bande de propret\u00e9 col dans la m\u00eame mati\u00e8re<\/li>\n<li class=\"Description__description-sizes\">manches longues<\/li>\n<\/ul>\n","protected":false},"featured_media":6999,"template":"","meta":{"_monsterinsights_skip_tracking":false,"_monsterinsights_sitenote_active":false,"_monsterinsights_sitenote_note":"","_monsterinsights_sitenote_category":0,"spay_email":""},"product_cat":[160,133],"product_tag":[169],"_links":{"self":[{"href":"https:\/\/flocagemania.com\/index.php\/wp-json\/wp\/v2\/product\/6998"}],"collection":[{"href":"https:\/\/flocagemania.com\/index.php\/wp-json\/wp\/v2\/product"}],"about":[{"href":"https:\/\/flocagemania.com\/index.php\/wp-json\/wp\/v2\/types\/product"}],"wp:featuredmedia":[{"embeddable":true,"href":"https:\/\/flocagemania.com\/index.php\/wp-json\/wp\/v2\/media\/6999"}],"wp:attachment":[{"href":"https:\/\/flocagemania.com\/index.php\/wp-json\/wp\/v2\/media?parent=6998"}],"wp:term":[{"taxonomy":"product_cat","embeddable":true,"href":"https:\/\/flocagemania.com\/index.php\/wp-json\/wp\/v2\/product_cat?post=6998"},{"taxonomy":"product_tag","embeddable":true,"href":"https:\/\/flocagemania.com\/index.php\/wp-json\/wp\/v2\/product_tag?post=6998"}],"curies":[{"name":"wp","href":"https:\/\/api.w.org\/{rel}","templated":true}]}}