{"id":6888,"date":"2022-06-13T18:33:03","date_gmt":"2022-06-13T18:33:03","guid":{"rendered":"https:\/\/flocagemania.com\/?post_type=product&#038;p=6888"},"modified":"2022-10-28T20:55:29","modified_gmt":"2022-10-28T20:55:29","slug":"debardeur-femme","status":"publish","type":"product","link":"https:\/\/flocagemania.com\/index.php\/product\/debardeur-femme\/","title":{"rendered":"D\u00e9bardeur Femme"},"content":{"rendered":"<div class=\"Description__subtitle\">Top femme<\/div>\n<div class=\"Description__description-sizes\">XS &#8211; 2XL<\/div>\n<ul>\n<li>Jersey simple, 95 % coton, 5 % \u00e9lasthanne (composition de couleur 12 pouvant diff\u00e9rer &#8211; 80 % coton, 15 % viscose, 5 % \u00e9lasthanne)<\/li>\n<\/ul>\n<div class=\"Description__description-list\">\n<ul>\n<li>mati\u00e8re extensible<\/li>\n<li>coupe Slim fit avec coutures lat\u00e9rales<\/li>\n<li>col rond profond<\/li>\n<li>col et bord des manches fins dans la m\u00eame mati\u00e8re<\/li>\n<li>larges bretelles<\/li>\n<li>Lavage 30\u00b0C<\/li>\n<\/ul>\n<\/div>\n","protected":false},"excerpt":{"rendered":"<div class=\"Description__subtitle\">Top femme<\/div>\n<div class=\"Description__description-sizes\">XS &#8211; 2XL<\/div>\n<ul>\n<li>Jersey simple, 95 % coton, 5 % \u00e9lasthanne (composition de couleur 12 pouvant diff\u00e9rer &#8211; 80 % coton, 15 % viscose, 5 % \u00e9lasthanne)<\/li>\n<\/ul>\n<div class=\"Description__description-list\">\n<ul>\n<li>mati\u00e8re extensible<\/li>\n<li>coupe Slim fit avec coutures lat\u00e9rales<\/li>\n<li>col rond profond<\/li>\n<li>col et bord des manches fins dans la m\u00eame mati\u00e8re<\/li>\n<li>larges bretelles<\/li>\n<li>Lavage 30\u00b0C<\/li>\n<\/ul>\n<\/div>\n","protected":false},"featured_media":6889,"template":"","meta":{"_monsterinsights_skip_tracking":false,"_monsterinsights_sitenote_active":false,"_monsterinsights_sitenote_note":"","_monsterinsights_sitenote_category":0,"spay_email":""},"product_cat":[170,133],"product_tag":[169],"_links":{"self":[{"href":"https:\/\/flocagemania.com\/index.php\/wp-json\/wp\/v2\/product\/6888"}],"collection":[{"href":"https:\/\/flocagemania.com\/index.php\/wp-json\/wp\/v2\/product"}],"about":[{"href":"https:\/\/flocagemania.com\/index.php\/wp-json\/wp\/v2\/types\/product"}],"wp:featuredmedia":[{"embeddable":true,"href":"https:\/\/flocagemania.com\/index.php\/wp-json\/wp\/v2\/media\/6889"}],"wp:attachment":[{"href":"https:\/\/flocagemania.com\/index.php\/wp-json\/wp\/v2\/media?parent=6888"}],"wp:term":[{"taxonomy":"product_cat","embeddable":true,"href":"https:\/\/flocagemania.com\/index.php\/wp-json\/wp\/v2\/product_cat?post=6888"},{"taxonomy":"product_tag","embeddable":true,"href":"https:\/\/flocagemania.com\/index.php\/wp-json\/wp\/v2\/product_tag?post=6888"}],"curies":[{"name":"wp","href":"https:\/\/api.w.org\/{rel}","templated":true}]}}