{"id":6787,"date":"2022-06-13T18:27:40","date_gmt":"2022-06-13T18:27:40","guid":{"rendered":"https:\/\/flocagemania.com\/?post_type=product&#038;p=6787"},"modified":"2022-10-28T20:55:21","modified_gmt":"2022-10-28T20:55:21","slug":"pull-slim-femmes","status":"publish","type":"product","link":"https:\/\/flocagemania.com\/index.php\/product\/pull-slim-femmes\/","title":{"rendered":"Pull Slim femmes"},"content":{"rendered":"<div class=\"Description__subtitle\">Tee-shirt femme<\/div>\n<div class=\"Description__description-sizes\">XS &#8211; 3XL<\/div>\n<ul>\n<li>Jersey simple, 95 % coton, 5 % \u00e9lasthanne<\/li>\n<\/ul>\n<div class=\"Description__description-list\">\n<ul>\n<li>coupe Slim fit avec coutures lat\u00e9rales<\/li>\n<li>col fin dans la m\u00eame mati\u00e8re<\/li>\n<li>bande de propret\u00e9 col dans la m\u00eame mati\u00e8re<\/li>\n<li>manches longues<\/li>\n<li>lavage: 30\u00b0C<\/li>\n<\/ul>\n<\/div>\n","protected":false},"excerpt":{"rendered":"<div class=\"Description__subtitle\">Tee-shirt femme<\/div>\n<div class=\"Description__description-sizes\">XS &#8211; 3XL<\/div>\n<ul>\n<li>Jersey simple, 95 % coton, 5 % \u00e9lasthanne<\/li>\n<\/ul>\n<div class=\"Description__description-list\">\n<ul>\n<li>coupe Slim fit avec coutures lat\u00e9rales<\/li>\n<li>col fin dans la m\u00eame mati\u00e8re<\/li>\n<li>bande de propret\u00e9 col dans la m\u00eame mati\u00e8re<\/li>\n<li>manches longues<\/li>\n<li>lavage: 30\u00b0C<\/li>\n<\/ul>\n<\/div>\n","protected":false},"featured_media":6788,"template":"","meta":{"_monsterinsights_skip_tracking":false,"_monsterinsights_sitenote_active":false,"_monsterinsights_sitenote_note":"","_monsterinsights_sitenote_category":0,"spay_email":""},"product_cat":[161,133],"product_tag":[169],"_links":{"self":[{"href":"https:\/\/flocagemania.com\/index.php\/wp-json\/wp\/v2\/product\/6787"}],"collection":[{"href":"https:\/\/flocagemania.com\/index.php\/wp-json\/wp\/v2\/product"}],"about":[{"href":"https:\/\/flocagemania.com\/index.php\/wp-json\/wp\/v2\/types\/product"}],"wp:featuredmedia":[{"embeddable":true,"href":"https:\/\/flocagemania.com\/index.php\/wp-json\/wp\/v2\/media\/6788"}],"wp:attachment":[{"href":"https:\/\/flocagemania.com\/index.php\/wp-json\/wp\/v2\/media?parent=6787"}],"wp:term":[{"taxonomy":"product_cat","embeddable":true,"href":"https:\/\/flocagemania.com\/index.php\/wp-json\/wp\/v2\/product_cat?post=6787"},{"taxonomy":"product_tag","embeddable":true,"href":"https:\/\/flocagemania.com\/index.php\/wp-json\/wp\/v2\/product_tag?post=6787"}],"curies":[{"name":"wp","href":"https:\/\/api.w.org\/{rel}","templated":true}]}}