{"id":6593,"date":"2022-06-13T18:19:30","date_gmt":"2022-06-13T18:19:30","guid":{"rendered":"https:\/\/flocagemania.com\/?post_type=product&#038;p=6593"},"modified":"2022-10-28T20:55:29","modified_gmt":"2022-10-28T20:55:29","slug":"pull-enfant","status":"publish","type":"product","link":"https:\/\/flocagemania.com\/index.php\/product\/pull-enfant\/","title":{"rendered":"Pull enfant"},"content":{"rendered":"<div class=\"Description__subtitle\">Tee-shirt enfant<\/div>\n<div class=\"Description__description-sizes\">110 cm\/4 ans &#8211; 158 cm\/12 ans<\/div>\n<ul>\n<li>Jersey simple, 100\u00a0% coton (composition de couleur 12 pouvant diff\u00e9rer &#8211; 85 % coton, 15 % viscose)<\/li>\n<\/ul>\n<div class=\"Description__description-list\">\n<ul>\n<li>coupe avec coutures lat\u00e9rales<\/li>\n<li>col fin en c\u00f4te 1:1 dans la m\u00eame mati\u00e8re<\/li>\n<li>coutures d&rsquo;\u00e9paules renforc\u00e9es<\/li>\n<li>manches longues<\/li>\n<li>lavage 40\u00b0C<\/li>\n<\/ul>\n<\/div>\n","protected":false},"excerpt":{"rendered":"<div class=\"Description__subtitle\">Tee-shirt enfant<\/div>\n<div class=\"Description__description-sizes\">110 cm\/4 ans &#8211; 158 cm\/12 ans<\/div>\n<ul>\n<li>Jersey simple, 100\u00a0% coton (composition de couleur 12 pouvant diff\u00e9rer &#8211; 85 % coton, 15 % viscose)<\/li>\n<\/ul>\n<div class=\"Description__description-list\">\n<ul>\n<li>coupe avec coutures lat\u00e9rales<\/li>\n<li>col fin en c\u00f4te 1:1 dans la m\u00eame mati\u00e8re<\/li>\n<li>coutures d&rsquo;\u00e9paules renforc\u00e9es<\/li>\n<li>manches longues<\/li>\n<li>lavage 40\u00b0C<\/li>\n<\/ul>\n<\/div>\n","protected":false},"featured_media":6592,"template":"","meta":{"_monsterinsights_skip_tracking":false,"_monsterinsights_sitenote_active":false,"_monsterinsights_sitenote_note":"","_monsterinsights_sitenote_category":0,"spay_email":""},"product_cat":[161,133],"product_tag":[168],"_links":{"self":[{"href":"https:\/\/flocagemania.com\/index.php\/wp-json\/wp\/v2\/product\/6593"}],"collection":[{"href":"https:\/\/flocagemania.com\/index.php\/wp-json\/wp\/v2\/product"}],"about":[{"href":"https:\/\/flocagemania.com\/index.php\/wp-json\/wp\/v2\/types\/product"}],"wp:featuredmedia":[{"embeddable":true,"href":"https:\/\/flocagemania.com\/index.php\/wp-json\/wp\/v2\/media\/6592"}],"wp:attachment":[{"href":"https:\/\/flocagemania.com\/index.php\/wp-json\/wp\/v2\/media?parent=6593"}],"wp:term":[{"taxonomy":"product_cat","embeddable":true,"href":"https:\/\/flocagemania.com\/index.php\/wp-json\/wp\/v2\/product_cat?post=6593"},{"taxonomy":"product_tag","embeddable":true,"href":"https:\/\/flocagemania.com\/index.php\/wp-json\/wp\/v2\/product_tag?post=6593"}],"curies":[{"name":"wp","href":"https:\/\/api.w.org\/{rel}","templated":true}]}}