{"id":6591,"date":"2022-06-13T18:23:41","date_gmt":"2022-06-13T18:23:41","guid":{"rendered":"https:\/\/flocagemania.com\/?post_type=product&#038;p=6591"},"modified":"2022-11-04T19:36:00","modified_gmt":"2022-11-04T19:36:00","slug":"pull-col-v-femme","status":"publish","type":"product","link":"https:\/\/flocagemania.com\/index.php\/product\/pull-col-v-femme\/","title":{"rendered":"Pull Col-v Femme"},"content":{"rendered":"<div class=\"Description__description-sizes\">Pull Col-v Femme<\/div>\n<ul>\n<li>Jersey simple, 95 % coton, 5 % \u00e9lasthanne (composition de couleur 12 pouvant diff\u00e9rer &#8211; 80 % coton, 15 % viscose, 5 % \u00e9lasthanne)<\/li>\n<li>mati\u00e8re extensible<\/li>\n<li>coupe Slim fit avec coutures lat\u00e9rales<\/li>\n<li>col en V<\/li>\n<li>col fin dans la m\u00eame mati\u00e8re<\/li>\n<li>manches longues raglan<\/li>\n<li>lavage 30\u00b0C<\/li>\n<\/ul>\n<div class=\"Description__description-list\"><\/div>\n","protected":false},"excerpt":{"rendered":"<p>Pull Col-v Femme Jersey simple, 95 % coton, 5 % \u00e9lasthanne (composition de couleur 12 pouvant diff\u00e9rer &#8211; 80 % coton, 15 % viscose, 5 % \u00e9lasthanne) mati\u00e8re extensible coupe Slim fit avec coutures lat\u00e9rales col en V col fin dans la m\u00eame mati\u00e8re manches longues raglan lavage 30\u00b0C<\/p>\n","protected":false},"featured_media":6789,"template":"","meta":{"_monsterinsights_skip_tracking":false,"_monsterinsights_sitenote_active":false,"_monsterinsights_sitenote_note":"","_monsterinsights_sitenote_category":0,"spay_email":""},"product_cat":[161,133],"product_tag":[],"_links":{"self":[{"href":"https:\/\/flocagemania.com\/index.php\/wp-json\/wp\/v2\/product\/6591"}],"collection":[{"href":"https:\/\/flocagemania.com\/index.php\/wp-json\/wp\/v2\/product"}],"about":[{"href":"https:\/\/flocagemania.com\/index.php\/wp-json\/wp\/v2\/types\/product"}],"wp:featuredmedia":[{"embeddable":true,"href":"https:\/\/flocagemania.com\/index.php\/wp-json\/wp\/v2\/media\/6789"}],"wp:attachment":[{"href":"https:\/\/flocagemania.com\/index.php\/wp-json\/wp\/v2\/media?parent=6591"}],"wp:term":[{"taxonomy":"product_cat","embeddable":true,"href":"https:\/\/flocagemania.com\/index.php\/wp-json\/wp\/v2\/product_cat?post=6591"},{"taxonomy":"product_tag","embeddable":true,"href":"https:\/\/flocagemania.com\/index.php\/wp-json\/wp\/v2\/product_tag?post=6591"}],"curies":[{"name":"wp","href":"https:\/\/api.w.org\/{rel}","templated":true}]}}