{"id":6401,"date":"2022-06-13T17:43:43","date_gmt":"2022-06-13T17:43:43","guid":{"rendered":"https:\/\/flocagemania.com\/?post_type=product&#038;p=6401"},"modified":"2022-10-28T20:55:37","modified_gmt":"2022-10-28T20:55:37","slug":"t-shirt-col-rond","status":"publish","type":"product","link":"https:\/\/flocagemania.com\/index.php\/product\/t-shirt-col-rond\/","title":{"rendered":"T-shirt col rond"},"content":{"rendered":"<ul>\n<li>Jersey simple, 100 % coton (composition de couleur 12 pouvant diff\u00e9rer &#8211; 85 % coton, 15 % viscose), finition en silicone<\/li>\n<\/ul>\n<div class=\"Description__description-list\">\n<ul>\n<li>coupe l\u00e9g\u00e8rement ajust\u00e9e avec coutures lat\u00e9rales<\/li>\n<li>col rond profond<\/li>\n<li>col \u00e9troit dans la m\u00eame mati\u00e8re avec 5 % d&rsquo;\u00e9lasthanne<\/li>\n<li>bande de propret\u00e9 col dans la m\u00eame mati\u00e8re<\/li>\n<li>coutures d&rsquo;\u00e9paules renforc\u00e9es<\/li>\n<li>manches plus courtes<\/li>\n<li>finition en silicone<\/li>\n<li>lavage 40\u00b0C<\/li>\n<\/ul>\n<\/div>\n","protected":false},"excerpt":{"rendered":"<div class=\"Description__description-sizes\"><\/div>\n<ul>\n<li>Jersey simple, 100 % coton (composition de couleur 12 pouvant diff\u00e9rer &#8211; 85 % coton, 15 % viscose), finition en silicone<\/li>\n<li>coupe l\u00e9g\u00e8rement ajust\u00e9e avec coutures lat\u00e9rales<\/li>\n<\/ul>\n<div class=\"Description__description-list\">\n<ul>\n<li>col rond profond<\/li>\n<li>col \u00e9troit dans la m\u00eame mati\u00e8re avec 5 % d&rsquo;\u00e9lasthanne<\/li>\n<li>bande de propret\u00e9 col dans la m\u00eame mati\u00e8re<\/li>\n<li>coutures d&rsquo;\u00e9paules renforc\u00e9es<\/li>\n<li>manches plus courtes<\/li>\n<li>finition en silicone<\/li>\n<li>lavage 40\u00b0C<\/li>\n<\/ul>\n<\/div>\n","protected":false},"featured_media":6402,"template":"","meta":{"_monsterinsights_skip_tracking":false,"_monsterinsights_sitenote_active":false,"_monsterinsights_sitenote_note":"","_monsterinsights_sitenote_category":0,"spay_email":""},"product_cat":[160,133],"product_tag":[159],"_links":{"self":[{"href":"https:\/\/flocagemania.com\/index.php\/wp-json\/wp\/v2\/product\/6401"}],"collection":[{"href":"https:\/\/flocagemania.com\/index.php\/wp-json\/wp\/v2\/product"}],"about":[{"href":"https:\/\/flocagemania.com\/index.php\/wp-json\/wp\/v2\/types\/product"}],"wp:featuredmedia":[{"embeddable":true,"href":"https:\/\/flocagemania.com\/index.php\/wp-json\/wp\/v2\/media\/6402"}],"wp:attachment":[{"href":"https:\/\/flocagemania.com\/index.php\/wp-json\/wp\/v2\/media?parent=6401"}],"wp:term":[{"taxonomy":"product_cat","embeddable":true,"href":"https:\/\/flocagemania.com\/index.php\/wp-json\/wp\/v2\/product_cat?post=6401"},{"taxonomy":"product_tag","embeddable":true,"href":"https:\/\/flocagemania.com\/index.php\/wp-json\/wp\/v2\/product_tag?post=6401"}],"curies":[{"name":"wp","href":"https:\/\/api.w.org\/{rel}","templated":true}]}}