{"id":6277,"date":"2022-06-13T17:27:17","date_gmt":"2022-06-13T17:27:17","guid":{"rendered":"https:\/\/flocagemania.com\/?post_type=product&#038;p=6277"},"modified":"2022-10-28T20:45:37","modified_gmt":"2022-10-28T20:45:37","slug":"t-shirt-cintre","status":"publish","type":"product","link":"https:\/\/flocagemania.com\/index.php\/product\/t-shirt-cintre\/","title":{"rendered":"T-shirt cintr\u00e9"},"content":{"rendered":"<ul>\n<li>Du XS au 4XL<\/li>\n<li>Jersey simple, 100 % coton, finition en silicone<\/li>\n<li>Coupe tubulaire<\/li>\n<li>Col \u00e9troit en c\u00f4te 1:1 avec 5 % d&rsquo;\u00e9lasthanne<\/li>\n<li>Bande de renfort d&rsquo;\u00e9paule \u00e0 \u00e9paule<\/li>\n<li>Finition en silicone<\/li>\n<li>\u00c9tiquette:\u00a0en satin<\/li>\n<li>\u00c9valuation:\u00a0impression num\u00e9rique, broderie, s\u00e9rigraphie directe, impression par transfert<\/li>\n<\/ul>\n","protected":false},"excerpt":{"rendered":"<ul>\n<li>Du XS au 4XL<\/li>\n<li>Jersey simple, 100 % coton, finition en silicone<\/li>\n<li>Coupe tubulaire<\/li>\n<li>Col \u00e9troit en c\u00f4te 1:1 avec 5 % d&rsquo;\u00e9lasthanne<\/li>\n<li>Bande de renfort d&rsquo;\u00e9paule \u00e0 \u00e9paule<\/li>\n<li>Finition en silicone<\/li>\n<li>\u00c9tiquette:\u00a0en satin<\/li>\n<li>\u00c9valuation:\u00a0impression num\u00e9rique, broderie, s\u00e9rigraphie directe, impression par transfert<\/li>\n<\/ul>\n","protected":false},"featured_media":6278,"template":"","meta":{"_monsterinsights_skip_tracking":false,"_monsterinsights_sitenote_active":false,"_monsterinsights_sitenote_note":"","_monsterinsights_sitenote_category":0,"spay_email":""},"product_cat":[160,133],"product_tag":[159],"_links":{"self":[{"href":"https:\/\/flocagemania.com\/index.php\/wp-json\/wp\/v2\/product\/6277"}],"collection":[{"href":"https:\/\/flocagemania.com\/index.php\/wp-json\/wp\/v2\/product"}],"about":[{"href":"https:\/\/flocagemania.com\/index.php\/wp-json\/wp\/v2\/types\/product"}],"wp:featuredmedia":[{"embeddable":true,"href":"https:\/\/flocagemania.com\/index.php\/wp-json\/wp\/v2\/media\/6278"}],"wp:attachment":[{"href":"https:\/\/flocagemania.com\/index.php\/wp-json\/wp\/v2\/media?parent=6277"}],"wp:term":[{"taxonomy":"product_cat","embeddable":true,"href":"https:\/\/flocagemania.com\/index.php\/wp-json\/wp\/v2\/product_cat?post=6277"},{"taxonomy":"product_tag","embeddable":true,"href":"https:\/\/flocagemania.com\/index.php\/wp-json\/wp\/v2\/product_tag?post=6277"}],"curies":[{"name":"wp","href":"https:\/\/api.w.org\/{rel}","templated":true}]}}