{"id":6200,"date":"2022-06-13T14:43:05","date_gmt":"2022-06-13T14:43:05","guid":{"rendered":"https:\/\/flocagemania.com\/?post_type=product&#038;p=6200"},"modified":"2022-10-28T20:55:42","modified_gmt":"2022-10-28T20:55:42","slug":"jersey-simple","status":"publish","type":"product","link":"https:\/\/flocagemania.com\/index.php\/product\/jersey-simple\/","title":{"rendered":"Jersey simple"},"content":{"rendered":"<div id=\"fiche-produit\">\n<div id=\"savoirplus\" class=\"wrap-details bloc-description-detaille\">\n<div class=\"details\">\n<div class=\"contenu-editable contenu-editable-ficheproduit-description-724552\">\n<p>Tee-shirt jersey simple<\/p>\n<ul>\n<li class=\"Description__description-sizes\">Du S au 4XL<\/li>\n<li class=\"Description__description-sizes\">Jersey simple<\/li>\n<li class=\"Description__description-sizes\">100 % coton<\/li>\n<li class=\"Description__description-sizes\">finition en silicone<\/li>\n<li class=\"Description__description-sizes\">coupe Slim fit avec coutures lat\u00e9rales<\/li>\n<li class=\"Description__description-sizes\">col \u00e9troit en c\u00f4te 1:1 avec 5 % d&rsquo;\u00e9lasthanne<\/li>\n<li class=\"Description__description-sizes\">bande de propret\u00e9 col dans la m\u00eame mati\u00e8re<\/li>\n<li class=\"Description__description-sizes\">coutures d&rsquo;\u00e9paules renforc\u00e9es<\/li>\n<li class=\"Description__description-sizes\">finition en silicone<\/li>\n<\/ul>\n<\/div>\n<\/div>\n<\/div>\n<\/div>\n<div class=\"wrap-details bloc-suggestions\"><\/div>\n","protected":false},"excerpt":{"rendered":"<p>Tee-shirt jersey simple<\/p>\n<ul>\n<li class=\"Description__description-sizes\">Du S au 4XL<\/li>\n<li class=\"Description__description-sizes\">Jersey simple<\/li>\n<li class=\"Description__description-sizes\">100 % coton<\/li>\n<li class=\"Description__description-sizes\">finition en silicone<\/li>\n<li class=\"Description__description-sizes\">coupe Slim fit avec coutures lat\u00e9rales<\/li>\n<li class=\"Description__description-sizes\">col \u00e9troit en c\u00f4te 1:1 avec 5 % d&rsquo;\u00e9lasthanne<\/li>\n<li class=\"Description__description-sizes\">bande de propret\u00e9 col dans la m\u00eame mati\u00e8re<\/li>\n<li class=\"Description__description-sizes\">coutures d&rsquo;\u00e9paules renforc\u00e9es<\/li>\n<li class=\"Description__description-sizes\">finition en silicone<\/li>\n<\/ul>\n","protected":false},"featured_media":6201,"template":"","meta":{"_monsterinsights_skip_tracking":false,"_monsterinsights_sitenote_active":false,"_monsterinsights_sitenote_note":"","_monsterinsights_sitenote_category":0,"spay_email":""},"product_cat":[160,133],"product_tag":[159],"_links":{"self":[{"href":"https:\/\/flocagemania.com\/index.php\/wp-json\/wp\/v2\/product\/6200"}],"collection":[{"href":"https:\/\/flocagemania.com\/index.php\/wp-json\/wp\/v2\/product"}],"about":[{"href":"https:\/\/flocagemania.com\/index.php\/wp-json\/wp\/v2\/types\/product"}],"wp:featuredmedia":[{"embeddable":true,"href":"https:\/\/flocagemania.com\/index.php\/wp-json\/wp\/v2\/media\/6201"}],"wp:attachment":[{"href":"https:\/\/flocagemania.com\/index.php\/wp-json\/wp\/v2\/media?parent=6200"}],"wp:term":[{"taxonomy":"product_cat","embeddable":true,"href":"https:\/\/flocagemania.com\/index.php\/wp-json\/wp\/v2\/product_cat?post=6200"},{"taxonomy":"product_tag","embeddable":true,"href":"https:\/\/flocagemania.com\/index.php\/wp-json\/wp\/v2\/product_tag?post=6200"}],"curies":[{"name":"wp","href":"https:\/\/api.w.org\/{rel}","templated":true}]}}