{"id":6077,"date":"2022-06-13T14:22:31","date_gmt":"2022-06-13T14:22:31","guid":{"rendered":"https:\/\/flocagemania.com\/?post_type=product&#038;p=6077"},"modified":"2022-10-28T20:55:49","modified_gmt":"2022-10-28T20:55:49","slug":"tee-shirt-unisexe","status":"publish","type":"product","link":"https:\/\/flocagemania.com\/index.php\/product\/tee-shirt-unisexe\/","title":{"rendered":"T-shirt unisexe"},"content":{"rendered":"<p>Tee-shirt unisexe<\/p>\n<ul>\n<li>Du XS au\u00a0 4XL<\/li>\n<li>Jersey simple<\/li>\n<li>100 % coton<\/li>\n<li>finition en silicone<\/li>\n<li>coupe tubulaire<\/li>\n<li>col \u00e9troit en c\u00f4te 1:1 avec 5 % d&rsquo;\u00e9lasthanne<\/li>\n<li>bande de renfort d&rsquo;\u00e9paule \u00e0 \u00e9paule<\/li>\n<li>finition en silicone<\/li>\n<\/ul>\n","protected":false},"excerpt":{"rendered":"<p>Tee-shirt unisexe Du XS au\u00a0 4XL Jersey simple 100 % coton finition en silicone coupe tubulaire col \u00e9troit en c\u00f4te 1:1 avec 5 % d&rsquo;\u00e9lasthanne bande de renfort d&rsquo;\u00e9paule \u00e0 \u00e9paule finition en silicone<\/p>\n","protected":false},"featured_media":6078,"template":"","meta":{"_monsterinsights_skip_tracking":false,"_monsterinsights_sitenote_active":false,"_monsterinsights_sitenote_note":"","_monsterinsights_sitenote_category":0,"spay_email":""},"product_cat":[15,133],"product_tag":[159],"_links":{"self":[{"href":"https:\/\/flocagemania.com\/index.php\/wp-json\/wp\/v2\/product\/6077"}],"collection":[{"href":"https:\/\/flocagemania.com\/index.php\/wp-json\/wp\/v2\/product"}],"about":[{"href":"https:\/\/flocagemania.com\/index.php\/wp-json\/wp\/v2\/types\/product"}],"wp:featuredmedia":[{"embeddable":true,"href":"https:\/\/flocagemania.com\/index.php\/wp-json\/wp\/v2\/media\/6078"}],"wp:attachment":[{"href":"https:\/\/flocagemania.com\/index.php\/wp-json\/wp\/v2\/media?parent=6077"}],"wp:term":[{"taxonomy":"product_cat","embeddable":true,"href":"https:\/\/flocagemania.com\/index.php\/wp-json\/wp\/v2\/product_cat?post=6077"},{"taxonomy":"product_tag","embeddable":true,"href":"https:\/\/flocagemania.com\/index.php\/wp-json\/wp\/v2\/product_tag?post=6077"}],"curies":[{"name":"wp","href":"https:\/\/api.w.org\/{rel}","templated":true}]}}