{"id":2773,"date":"2022-04-23T17:44:35","date_gmt":"2022-04-23T17:44:35","guid":{"rendered":"https:\/\/flocagemania.com\/?page_id=2773"},"modified":"2022-11-08T16:59:54","modified_gmt":"2022-11-08T16:59:54","slug":"politique-de-confidentialites","status":"publish","type":"page","link":"https:\/\/flocagemania.com\/index.php\/politique-de-confidentialites\/","title":{"rendered":"Politique de confidentialit\u00e9s"},"content":{"rendered":"\t\t<div data-elementor-type=\"wp-page\" data-elementor-id=\"2773\" class=\"elementor elementor-2773\">\n\t\t\t\t\t\t\t\t\t<section class=\"elementor-section elementor-top-section elementor-element elementor-element-bb1ff43 elementor-section-boxed elementor-section-height-default elementor-section-height-default\" data-id=\"bb1ff43\" data-element_type=\"section\">\n\t\t\t\t\t\t<div class=\"elementor-container elementor-column-gap-default\">\n\t\t\t\t\t<div class=\"elementor-column elementor-col-100 elementor-top-column elementor-element elementor-element-6ab1a7c\" data-id=\"6ab1a7c\" data-element_type=\"column\">\n\t\t\t<div class=\"elementor-widget-wrap elementor-element-populated\">\n\t\t\t\t\t\t\t\t<div class=\"elementor-element elementor-element-a8d9cfb elementor-widget elementor-widget-heading\" data-id=\"a8d9cfb\" data-element_type=\"widget\" data-widget_type=\"heading.default\">\n\t\t\t\t<div class=\"elementor-widget-container\">\n\t\t\t<style>\/*! elementor - v3.6.4 - 13-04-2022 *\/\n.elementor-heading-title{padding:0;margin:0;line-height:1}.elementor-widget-heading .elementor-heading-title[class*=elementor-size-]>a{color:inherit;font-size:inherit;line-height:inherit}.elementor-widget-heading .elementor-heading-title.elementor-size-small{font-size:15px}.elementor-widget-heading .elementor-heading-title.elementor-size-medium{font-size:19px}.elementor-widget-heading .elementor-heading-title.elementor-size-large{font-size:29px}.elementor-widget-heading .elementor-heading-title.elementor-size-xl{font-size:39px}.elementor-widget-heading .elementor-heading-title.elementor-size-xxl{font-size:59px}<\/style><h2 class=\"elementor-heading-title elementor-size-default\">MENTIONS LEGALES<\/h2>\t\t<\/div>\n\t\t\t\t<\/div>\n\t\t\t\t\t<\/div>\n\t\t<\/div>\n\t\t\t\t\t\t\t<\/div>\n\t\t<\/section>\n\t\t\t\t<section class=\"elementor-section elementor-top-section elementor-element elementor-element-4321360 elementor-section-boxed elementor-section-height-default elementor-section-height-default\" data-id=\"4321360\" data-element_type=\"section\">\n\t\t\t\t\t\t<div class=\"elementor-container elementor-column-gap-default\">\n\t\t\t\t\t<div class=\"elementor-column elementor-col-100 elementor-top-column elementor-element elementor-element-48c8bb3\" data-id=\"48c8bb3\" data-element_type=\"column\">\n\t\t\t<div class=\"elementor-widget-wrap elementor-element-populated\">\n\t\t\t\t\t\t\t\t<div class=\"elementor-element elementor-element-fe0b36d elementor-widget elementor-widget-text-editor\" data-id=\"fe0b36d\" data-element_type=\"widget\" data-widget_type=\"text-editor.default\">\n\t\t\t\t<div class=\"elementor-widget-container\">\n\t\t\t<style>\/*! elementor - v3.6.4 - 13-04-2022 *\/\n.elementor-widget-text-editor.elementor-drop-cap-view-stacked .elementor-drop-cap{background-color:#818a91;color:#fff}.elementor-widget-text-editor.elementor-drop-cap-view-framed .elementor-drop-cap{color:#818a91;border:3px solid;background-color:transparent}.elementor-widget-text-editor:not(.elementor-drop-cap-view-default) .elementor-drop-cap{margin-top:8px}.elementor-widget-text-editor:not(.elementor-drop-cap-view-default) .elementor-drop-cap-letter{width:1em;height:1em}.elementor-widget-text-editor .elementor-drop-cap{float:left;text-align:center;line-height:1;font-size:50px}.elementor-widget-text-editor .elementor-drop-cap-letter{display:inline-block}<\/style>\t\t\t\t<p><strong>ARTICLE 1. MENTIONS LEGALES<\/strong><\/p><p><strong>1.1. Editeur<\/strong><\/p><p>Vous \u00eates actuellement connect\u00e9 au site internet https:\/\/www.flocagemania.com\/ \u00e9dit\u00e9 par FlocageMania, exer\u00e7ant en qualit\u00e9 de Vente V\u00eatements et accessoires, SIRET : 75274378100045 , si\u00e8ge social : 135 Rue des Fayettes, 69400 Villefranche sur saone , t\u00e9l\u00e9phone : 0980772136, email <a href=\"mailto:flocagemania@gmail.com\">flocagemania@gmail.com<\/a>\u00a0, TVA\u00a0FR60752743781, article 293B du CGI, directeur de la publication et responsable de la r\u00e9daction :\u00a0FlocageMania.<\/p><p><strong>1.2. H\u00e9bergeur<\/strong><\/p><p>Le Site est h\u00e9berg\u00e9 par hostinger,\u00a0 si\u00e8ge social : Kaunas, Lituanie.<i><\/i><i>\u00a0<\/i><\/p><p><strong>ARTICLE 2. DEFINITIONS<\/strong><\/p><p>\u00a0\u00ab\u00a0<strong>Client\u00a0<\/strong>\u00bb : toute personne, physique ou morale, de droit priv\u00e9 ou de droit public, inscrite sur le Site.<\/p><p>\u00ab\u00a0<strong>Devis<\/strong>\u00a0\u00bb\u00a0: conditions particuli\u00e8res des Prestations pr\u00e9voyant notamment leur prix et leurs modalit\u00e9s d\u2019ex\u00e9cution.<\/p><p>\u00ab\u00a0<strong>Le nom de votre entit\u00e9<\/strong>\u00a0\u00bb : FlocageMania,\u00a0pris en sa qualit\u00e9 d\u2019\u00e9diteur du Site.<\/p><p>\u00ab\u00a0<strong>Internaute<\/strong>\u00a0\u00bb : toute personne, physique ou morale, de droit priv\u00e9 ou de droit public, se connectant au Site.<\/p><p>\u00ab\u00a0<strong>Prestation<\/strong>\u00a0\u00bb\u00a0: service r\u00e9alis\u00e9 par\u00a0www.mellelyonnaise.com\u00a0et consistant notamment en Vente de V\u00eatements et accessoires..<\/p><p>\u00ab\u00a0<strong>Produit\u00a0<\/strong>\u00bb : bien vendu par www.mellelyonnaise.com\u00a0sur le Site, notamment\u00a0V\u00eatements et accessoires.<\/p><p>\u00ab\u00a0<strong>Site\u00a0<\/strong>\u00bb : site internet accessible \u00e0 l\u2019URL\u00a0<a href=\"https:\/\/www.flocagemania69.com\/\">https:\/\/www.flocagemania.com\/<\/a>\u00a0,\u00a0ainsi que les sous-sites, sites miroirs, portails et variations d\u2019URL y aff\u00e9rant.<\/p><p><strong>ARTICLE 3. CHAMP D\u2019APPLICATION<\/strong><\/p><p>Le Site est d&rsquo;acc\u00e8s libre et gratuit \u00e0 tout Internaute. La navigation sur le Site suppose l&rsquo;acceptation par tout Internaute des pr\u00e9sentes conditions g\u00e9n\u00e9rales. La simple connexion au Site emportera acceptation pleine et enti\u00e8re des pr\u00e9sentes conditions g\u00e9n\u00e9rales.<\/p><p>Lors de l\u2019inscription sur le Site, cette acceptation sera confirm\u00e9e par le fait de cocher la case correspondant \u00e0 la phrase suivante :<i>\u00a0\u00ab\u00a0Je reconnais avoir lu et accept\u00e9 les conditions g\u00e9n\u00e9rales de services et d&rsquo;utilisation \u00bb.\u00a0<\/i>L&rsquo;Internaute reconna\u00eet du m\u00eame fait en avoir pris pleinement connaissance et les accepter sans restriction.<\/p><p>Le fait de cocher la case susvis\u00e9e sera r\u00e9put\u00e9 avoir la m\u00eame valeur qu&rsquo;une signature manuscrite de la part de l\u2019Internaute. L&rsquo;Internaute reconna\u00eet la valeur de preuve des syst\u00e8mes d&rsquo;enregistrement automatique de\u00a0\u00a0https:\/\/www.flocagemania.com\/et, sauf pour lui d&rsquo;apporter preuve contraire, il renonce \u00e0 les contester en cas de litige.<\/p><p>Les pr\u00e9sentes conditions g\u00e9n\u00e9rales sont applicables aux relations entre les parties \u00e0 l\u2019exclusion de toutes autres conditions, et notamment celles de l\u2019Internaute.<\/p><p>L&rsquo;acceptation des pr\u00e9sentes conditions g\u00e9n\u00e9rales suppose de la part des Internautes qu&rsquo;ils jouissent de la capacit\u00e9 juridique n\u00e9cessaire pour cela, ou \u00e0 d\u00e9faut qu&rsquo;ils en aient l&rsquo;autorisation d&rsquo;un tuteur ou d&rsquo;un curateur s&rsquo;ils sont incapables, de leur repr\u00e9sentant l\u00e9gal s&rsquo;ils sont mineurs, ou encore qu&rsquo;ils soient titulaires d&rsquo;un mandat s&rsquo;ils agissent pour le compte d&rsquo;une personne morale.<\/p><p><strong>ARTICLE 4. OBJET DU SITE<\/strong><\/p><p>Le Site a pour objet la vente de Produits et la r\u00e9alisation de Prestations par https:\/\/www.flocagemania.com\/aux Clients.<\/p><p><strong>ARTICLE 5. ETAPES DE LA COMMANDE<\/strong><\/p><p><strong>5.1. Commande de Produits<\/strong><\/p><p>5.1.1.\u00a0Commande<\/p><p>Afin de passer commande, les Internautes pourront s\u00e9lectionner un ou plusieurs Produits et les ajouter \u00e0 leur panier. La disponibilit\u00e9 des Produits est indiqu\u00e9e sur le Site, dans la fiche descriptive de chaque article. Lorsque leur commande sera compl\u00e8te, ils pourront acc\u00e9der \u00e0 leur panier en cliquant sur le bouton pr\u00e9vu \u00e0 cet effet.<\/p><p>5.1.2.\u00a0Validation de la commande par l\u2019Internaute<\/p><p>En consultant leur panier, les Internautes auront la facult\u00e9 de v\u00e9rifier le nombre ainsi que la nature des Produits qu&rsquo;ils auront choisis et pourront v\u00e9rifier leur prix unitaire, ainsi que leur prix global. Ils auront la possibilit\u00e9 de retirer un ou plusieurs Produits de leur panier.<\/p><p>Si leur commande leur convient, les Internautes pourront la valider. Ils acc\u00e9deront alors \u00e0 un formulaire sur lequel ils pourront soit saisir leurs identifiants de connexion s&rsquo;ils en poss\u00e8dent d\u00e9j\u00e0, soit s&rsquo;inscrire sur le Site en compl\u00e9tant le formulaire d\u2019inscription au moyen des informations personnelles les concernant.<\/p><p>5.1.3.\u00a0Paiement par le Client<\/p><p>D\u00e8s lors qu&rsquo;ils seront connect\u00e9s ou apr\u00e8s qu&rsquo;ils auront parfaitement compl\u00e9t\u00e9 le formulaire d\u2019inscription, les Clients seront invit\u00e9s \u00e0 contr\u00f4ler ou modifier leurs coordonn\u00e9es de livraison et de facturation, puis seront invit\u00e9s \u00e0 effectuer leur paiement en \u00e9tant redirig\u00e9s \u00e0 cet effet sur l&rsquo;interface de paiement s\u00e9curis\u00e9e comportant la mention \u00ab\u00a0commande avec obligation de paiement\u00a0\u00bb ou toute formule analogue.<\/p><p>5.1.4. Confirmation de la commande par https:\/\/www.flocagemania.com\/<\/p><p>Une fois le paiement effectivement re\u00e7u par https:\/\/www.flocagemania.com\/ , ce dernier s&rsquo;engage \u00e0 en accuser r\u00e9ception au Client par voie \u00e9lectronique, dans un d\u00e9lai maximal de 24 heures. Dans le m\u00eame d\u00e9lai, <a href=\"https:\/\/www.flocagemania69.com\/\">https:\/\/www.flocagemania.com\/<\/a> s&rsquo;engage \u00e0 adresser au Client un courrier \u00e9lectronique r\u00e9capitulatif de la commande et lui en confirmant le traitement, reprenant toutes les informations y aff\u00e9rent.<\/p><p><strong>5.2. Commande de Prestation<\/strong><\/p><p>Le Client peut passer commande d\u2019une Prestation en s\u2019adressant directement \u00e0\u00a0\u00ab\u00a0votre site\u00a0\u00bb\u00a0aux coordonn\u00e9es indiqu\u00e9es \u00e0 l\u2019article 1 des pr\u00e9sentes conditions g\u00e9n\u00e9rales.\u00a0<a href=\"https:\/\/www.flocagemania69.com\/\">https:\/\/www.flocagemania.com\/<\/a>\u00a0\u00a0adresse alors un Devis au Client par email, fax ou courrier.\u00a0<\/p><p><strong>ARTICLE 6. PRIX &#8211; PAIEMENT\u00a0<\/strong><\/p><p><strong>6.1. Prix<\/strong><\/p><p>Les prix applicables sont ceux affich\u00e9s sur le Site au jour de la commande. Ces prix peuvent \u00eatre modifi\u00e9s \u00e0 tout moment par\u00a0<a href=\"https:\/\/www.flocagemania69.com\/\">https:\/\/www.flocagemania.com\/<\/a><a href=\"https:\/\/www.flocagemania69.com\/\">\u00a0<\/a>.\u00a0Les prix affich\u00e9s ne sont valables qu&rsquo;au jour de la commande et ne portent pas effet pour l&rsquo;avenir.<\/p><p>Les prix indiqu\u00e9s sur le Site sont entendus en euros, toutes taxes comprises, hors frais de livraison.<\/p><p><strong>6.2. Modalit\u00e9 de paiement<\/strong><\/p><p>Le Client peut effectuer son r\u00e8glement carte bancaire ou Paypal . Les paiements par carte bancaire se font au moyen de transactions s\u00e9curis\u00e9es fournies par Paybox.<\/p><p>Dans le cadre des paiements par carte bancaire, n&rsquo;a acc\u00e8s \u00e0 aucune https:\/\/www.flocagemania.com\/ donn\u00e9e relative aux moyens de paiement du Client. Le paiement est effectu\u00e9 directement entre les mains de l&rsquo;\u00e9tablissement bancaire.<\/p><p>En cas de paiement par ch\u00e8que ou virement bancaire, les d\u00e9lais de livraison ne commencent \u00e0 courir qu&rsquo;\u00e0 compter de la date de l\u2019encaissement du paiement par\u00a0<a href=\"https:\/\/www.flocagemania69.com\/\">https:\/\/www.flocagemania.com\/<\/a>.<\/p><p><strong>6.3. Facturation<\/strong><\/p><p><a href=\"https:\/\/www.flocagemania69.com\/\">https:\/\/www.flocagemania.com\/<\/a>\u00a0adressera ou mettra \u00e0 disposition du Client une facture par voie \u00e9lectronique apr\u00e8s chaque paiement. Le Client accepte express\u00e9ment de recevoir les factures par voie \u00e9lectronique.<\/p><p><strong>6.4. D\u00e9faut de paiement<\/strong><\/p><p>Les dates de paiement convenues ne peuvent \u00eatre retard\u00e9es sous quelque pr\u00e9texte que ce soit, y compris en cas de litige.<\/p><p>Toute somme non pay\u00e9e \u00e0 l\u2019\u00e9ch\u00e9ance donnera lieu, de plein droit et sans mise en demeure, \u00e0 l\u2019application de p\u00e9nalit\u00e9s de retard calcul\u00e9es sur la base d\u2019un taux \u00e9gal \u00e0 3 fois le taux d\u2019int\u00e9r\u00eat l\u00e9gal, sans que cette p\u00e9nalit\u00e9 nuise \u00e0 l\u2019exigibilit\u00e9 des sommes dues en principal.<\/p><p>En outre, tout retard de paiement aura pour cons\u00e9quence la facturation au Client d\u00e9faillant de frais de recouvrement d&rsquo;un montant de 40 euros, l\u2019exigibilit\u00e9 imm\u00e9diate de toutes les sommes restant dues quels que soient les d\u00e9lais convenus, major\u00e9es d\u2019une indemnit\u00e9 de 20 % du montant \u00e0 titre de clause p\u00e9nale, ainsi que la possibilit\u00e9 de r\u00e9silier le contrat unilat\u00e9ralement au tort du Client.<\/p><p><strong>6.5. R\u00e9serve de propri\u00e9t\u00e9<\/strong><\/p><p>Les Produits vendus restent la propri\u00e9t\u00e9 de\u00a0<a href=\"https:\/\/www.flocagemania69.com\/\">https:\/\/www.flocagemania.com\/<\/a>\u00a0jusqu&rsquo;\u00e0 complet paiement de leur prix, conform\u00e9ment \u00e0 la pr\u00e9sente clause de r\u00e9serve de propri\u00e9t\u00e9.<\/p><p><strong>ARTICLE 7. RECLAMATION &#8211; RETRACTATION \u2013 GARANTIE\u00a0<\/strong><\/p><p><strong>7.1. Service client\u00e8le<\/strong><\/p><p>Le service client\u00e8le du Site est accessible du\u00a0lundi au vendredi\u00a0de 9h30 \u00e0 18h30\u00a0au num\u00e9ro de t\u00e9l\u00e9phone non surtax\u00e9 suivant : 0980772136\u00a0par courrier \u00e9lectronique \u00e0 :\u00a0<a href=\"mailto:flocagemania@gmail.com\">flocagemania@gmail.com<\/a>\u00a0ou par courrier postal \u00e0 l\u2019adresse indiqu\u00e9e \u00e0 l\u2019article 1 des pr\u00e9sentes conditions g\u00e9n\u00e9rales.<\/p><p><strong>7.2. Droit de r\u00e9tractation \u2013 Vente \u00e0 distance<\/strong><\/p><p>7.2.1.\u00a0Conditions d\u2019exercice du droit de r\u00e9tractation<\/p><p>Conform\u00e9ment \u00e0 la l\u00e9gislation en vigueur en mati\u00e8re de vente \u00e0 distance, le Client dispose d&rsquo;un d\u00e9lai de quatorze jours ouvr\u00e9s pour exercer son droit de r\u00e9tractation sans avoir \u00e0 justifier de motifs ni \u00e0 payer de p\u00e9nalit\u00e9s, \u00e0 l&rsquo;exception, le cas \u00e9ch\u00e9ant, des frais de retour.<\/p><p>Le d\u00e9lai mentionn\u00e9 \u00e0 l&rsquo;alin\u00e9a pr\u00e9c\u00e9dent court \u00e0 compter\u00a0soit\u00a0du jour o\u00f9 le contrat \u00e0 distance est conclu pour les contrats relatifs \u00e0 la fourniture d\u2019une prestation de service et\/ou \u00e0 la fourniture d\u2019un contenu num\u00e9rique non fourni sur un support mat\u00e9riel, soit de la r\u00e9ception du bien par le Client ou un tiers, autre que le transporteur, d\u00e9sign\u00e9 par lui, pour les contrats de vente de biens et les contrats de prestation de services incluant la livraison de biens.<\/p><p>Dans le cas d&rsquo;une commande portant sur plusieurs biens livr\u00e9s s\u00e9par\u00e9ment ou dans le cas d&rsquo;une commande d&rsquo;un bien compos\u00e9 de lots ou de pi\u00e8ces multiples dont la livraison est \u00e9chelonn\u00e9e sur une p\u00e9riode d\u00e9finie, le d\u00e9lai court \u00e0 compter de la r\u00e9ception du dernier bien ou lot ou de la derni\u00e8re pi\u00e8ce. Pour les contrats pr\u00e9voyant la livraison r\u00e9guli\u00e8re de biens pendant une p\u00e9riode d\u00e9finie, le d\u00e9lai court \u00e0 compter de la r\u00e9ception du premier bien.<\/p><p>Lorsque le d\u00e9lai de quatorze jours expire un samedi, un dimanche ou un jour f\u00e9ri\u00e9 ou ch\u00f4m\u00e9, il est prorog\u00e9 jusqu&rsquo;au premier jour ouvrable suivant.<\/p><p>La d\u00e9cision de r\u00e9tractation devra \u00eatre notifi\u00e9e \u00e0\u00a0\u00ab\u00a0votre site\u00bb\u00a0aux coordonn\u00e9es indiqu\u00e9es \u00e0 l\u2019article 1 des pr\u00e9sentes conditions g\u00e9n\u00e9rales au moyen d\u2019une d\u00e9claration d\u00e9nu\u00e9e d\u2019ambig\u00fcit\u00e9. Le Client a, par exemple, la possibilit\u00e9 d\u2019utiliser le formulaire-type fourni \u00e0 la fin des pr\u00e9sentes conditions g\u00e9n\u00e9rales. En tout \u00e9tat de cause,\u00a0<a href=\"https:\/\/www.flocagemania69.com\/\">https:\/\/www.flocagemania.com\/<\/a>\u00a0adressera au Client au plus t\u00f4t un accus\u00e9 de r\u00e9ception de ladite r\u00e9tractation par courrier \u00e9lectronique.<\/p><p>7.2.2.\u00a0Effets du droit de r\u00e9tractation<\/p><p>Le Client renvoie ou restitue les produits au professionnel ou \u00e0 toute personne d\u00e9sign\u00e9e par ce dernier, sans retard excessif et, au plus tard, dans les quatorze jours suivant la communication de sa d\u00e9cision de se r\u00e9tracter.<\/p><p>Lorsque le droit de r\u00e9tractation est exerc\u00e9, le professionnel est tenu de rembourser le Client de la totalit\u00e9 des sommes vers\u00e9es, dans les meilleurs d\u00e9lais et au plus tard dans les quatorze jours suivant la date \u00e0 laquelle ce droit a \u00e9t\u00e9 exerc\u00e9. Le cas \u00e9ch\u00e9ant, le professionnel peut diff\u00e9rer le remboursement jusqu&rsquo;\u00e0 r\u00e9cup\u00e9ration des Produits ou jusqu&rsquo;\u00e0 ce que le Client ait fourni une preuve de l&rsquo;exp\u00e9dition des Produits, au plus t\u00f4t des deux \u00e9v\u00e8nements. Au-del\u00e0, la somme due est, de plein droit, productive d&rsquo;int\u00e9r\u00eats au taux l\u00e9gal en vigueur, tel que pr\u00e9cis\u00e9 \u00e0 l\u2019article L. 121-21-4 du Code de la consommation.<\/p><p>Le cas \u00e9ch\u00e9ant, le professionnel effectue le remboursement en utilisant le m\u00eame moyen de paiement que celui utilis\u00e9 par le Client pour la transaction initiale, sauf accord expr\u00e8s du Client pour l\u2019utilisation d\u2019un autre moyen de paiement et dans la mesure o\u00f9 le remboursement n&rsquo;occasionne pas de frais pour le Client. Cependant, le professionnel n&rsquo;est pas tenu de rembourser les frais suppl\u00e9mentaires si le Client a express\u00e9ment choisi un mode de livraison plus co\u00fbteux que le mode de livraison standard propos\u00e9.<\/p><p>Les frais directs de renvoi du Produit sont \u00e0 la charge du Client. Ces frais sont estim\u00e9s \u00e0 un maximum de XX euros.<\/p><p>La responsabilit\u00e9 du Client n\u2019est engag\u00e9e qu\u2019\u00e0 l\u2019\u00e9gard de la d\u00e9pr\u00e9ciation du Produit r\u00e9sultant de manipulations autres que celles n\u00e9cessaires pour \u00e9tablir la nature, les caract\u00e9ristiques et le bon fonctionnement de ce Produit.<\/p><p>Les conditions, d\u00e9lais et modalit\u00e9s d\u2019exercice du droit de r\u00e9tractation sont expos\u00e9s dans le formulaire-type fourni \u00e0 la fin des pr\u00e9sentes conditions g\u00e9n\u00e9rales.<\/p><p>7.2.3.\u00a0Exclusions du droit de r\u00e9tractation<\/p>\t\t\t\t\t\t<\/div>\n\t\t\t\t<\/div>\n\t\t\t\t\t<\/div>\n\t\t<\/div>\n\t\t\t\t\t\t\t<\/div>\n\t\t<\/section>\n\t\t\t\t<section class=\"elementor-section elementor-top-section elementor-element elementor-element-5337634 elementor-section-boxed elementor-section-height-default elementor-section-height-default\" data-id=\"5337634\" data-element_type=\"section\">\n\t\t\t\t\t\t<div class=\"elementor-container elementor-column-gap-default\">\n\t\t\t\t\t<div class=\"elementor-column elementor-col-100 elementor-top-column elementor-element elementor-element-25d5fa9\" data-id=\"25d5fa9\" data-element_type=\"column\">\n\t\t\t<div class=\"elementor-widget-wrap\">\n\t\t\t\t\t\t\t\t\t<\/div>\n\t\t<\/div>\n\t\t\t\t\t\t\t<\/div>\n\t\t<\/section>\n\t\t\t\t\t\t\t<\/div>\n\t\t","protected":false},"excerpt":{"rendered":"<p>MENTIONS LEGALES ARTICLE 1. MENTIONS LEGALES 1.1. Editeur Vous \u00eates actuellement connect\u00e9 au site internet https:\/\/www.flocagemania.com\/ \u00e9dit\u00e9 par FlocageMania, exer\u00e7ant en qualit\u00e9 de Vente V\u00eatements et accessoires, SIRET : 75274378100045 , si\u00e8ge social : 135 Rue des Fayettes, 69400 Villefranche sur saone , t\u00e9l\u00e9phone : 0980772136, email flocagemania@gmail.com\u00a0, TVA\u00a0FR60752743781, article 293B du CGI, directeur de [&hellip;]<\/p>\n","protected":false},"author":1,"featured_media":0,"parent":0,"menu_order":0,"comment_status":"closed","ping_status":"closed","template":"","meta":{"_monsterinsights_skip_tracking":false,"_monsterinsights_sitenote_active":false,"_monsterinsights_sitenote_note":"","_monsterinsights_sitenote_category":0,"spay_email":"","footnotes":""},"_links":{"self":[{"href":"https:\/\/flocagemania.com\/index.php\/wp-json\/wp\/v2\/pages\/2773"}],"collection":[{"href":"https:\/\/flocagemania.com\/index.php\/wp-json\/wp\/v2\/pages"}],"about":[{"href":"https:\/\/flocagemania.com\/index.php\/wp-json\/wp\/v2\/types\/page"}],"author":[{"embeddable":true,"href":"https:\/\/flocagemania.com\/index.php\/wp-json\/wp\/v2\/users\/1"}],"replies":[{"embeddable":true,"href":"https:\/\/flocagemania.com\/index.php\/wp-json\/wp\/v2\/comments?post=2773"}],"version-history":[{"count":22,"href":"https:\/\/flocagemania.com\/index.php\/wp-json\/wp\/v2\/pages\/2773\/revisions"}],"predecessor-version":[{"id":9271,"href":"https:\/\/flocagemania.com\/index.php\/wp-json\/wp\/v2\/pages\/2773\/revisions\/9271"}],"wp:attachment":[{"href":"https:\/\/flocagemania.com\/index.php\/wp-json\/wp\/v2\/media?parent=2773"}],"curies":[{"name":"wp","href":"https:\/\/api.w.org\/{rel}","templated":true}]}}